{"id":14867,"date":"2022-11-09T14:42:20","date_gmt":"2022-11-09T13:42:20","guid":{"rendered":"https:\/\/www.incitygolf.com\/?page_id=14867"},"modified":"2026-05-06T10:21:29","modified_gmt":"2026-05-06T08:21:29","slug":"trieste","status":"publish","type":"page","link":"https:\/\/www.incitygolf.com\/de\/events\/trieste\/","title":{"rendered":"Trieste"},"content":{"rendered":"\n<style type=\"text\/css\" data-created_by=\"avia_inline_auto\" id=\"style-css-av-lumxh5mh-4718ddbf03211567962cc7e33248326e\">\n#top .av-special-heading.av-lumxh5mh-4718ddbf03211567962cc7e33248326e{\npadding-bottom:10px;\n}\nbody .av-special-heading.av-lumxh5mh-4718ddbf03211567962cc7e33248326e .av-special-heading-tag .heading-char{\nfont-size:25px;\n}\n.av-special-heading.av-lumxh5mh-4718ddbf03211567962cc7e33248326e .av-subheading{\nfont-size:15px;\n}\n<\/style>\n<div  class='av-special-heading av-lumxh5mh-4718ddbf03211567962cc7e33248326e av-special-heading-h1  avia-builder-el-0  el_before_av_textblock  avia-builder-el-first '><h1 class='av-special-heading-tag '  itemprop=\"headline\"  >IN CITY GOLF TRIESTE<\/h1><div class=\"special-heading-border\"><div class=\"special-heading-inner-border\"><\/div><\/div><\/div>\n<section  class='av_textblock_section av-72kfasz-6ba2a77de5b0b681ff4538f87d04197d '   itemscope=\"itemscope\" itemtype=\"https:\/\/schema.org\/CreativeWork\" ><div class='avia_textblock'  itemprop=\"text\" ><h2>06. Juni 2026<\/h2>\n<\/div><\/section>\n<div  class='avia-video av-mbzjp7h6-e9083a7b049deb9e2e52c2d2d8b4042d avia-video-16-9 av-no-preview-image avia-video-load-always av-lazyload-immediate av-lazyload-video-embed'  itemprop=\"video\" itemtype=\"https:\/\/schema.org\/VideoObject\"  data-original_url='https:\/\/www.youtube.com\/watch?v=WJyqV7Y-W2o'><script type='text\/html' class='av-video-tmpl'><div class='avia-iframe-wrap'><iframe loading=\"lazy\" title=\"Southwest Greens Central Europe In City Golf Trieste 2025 presented by Double Tree by Hilton\" width=\"1500\" height=\"844\" src=\"https:\/\/www.youtube.com\/embed\/WJyqV7Y-W2o?feature=oembed&autoplay=0&loop=0&controls=1&mute=0\" frameborder=\"0\" allow=\"accelerometer; autoplay; clipboard-write; encrypted-media; gyroscope; picture-in-picture; web-share\" referrerpolicy=\"strict-origin-when-cross-origin\" allowfullscreen><\/iframe><\/div><\/script><div class='av-click-to-play-overlay'><div class=\"avia_playpause_icon\"><\/div><\/div><\/div>\n\n<style type=\"text\/css\" data-created_by=\"avia_inline_auto\" id=\"style-css-av-akx911-64fb4da9fa1bdaf3ac9321da69ac10d1\">\n#top .hr.hr-invisible.av-akx911-64fb4da9fa1bdaf3ac9321da69ac10d1{\nheight:50px;\n}\n<\/style>\n<div  class='hr av-akx911-64fb4da9fa1bdaf3ac9321da69ac10d1 hr-invisible  avia-builder-el-3  el_after_av_video  el_before_av_one_full '><span class='hr-inner '><span class=\"hr-inner-style\"><\/span><\/span><\/div>\n\n<style type=\"text\/css\" data-created_by=\"avia_inline_auto\" id=\"style-css-av-186k2t5-ab33543ba7e3d430558b0fc8fc578071\">\n.flex_column.av-186k2t5-ab33543ba7e3d430558b0fc8fc578071{\nborder-radius:0px 0px 0px 0px;\npadding:0px 0px 0px 0px;\n}\n<\/style>\n<div  class='flex_column av-186k2t5-ab33543ba7e3d430558b0fc8fc578071 av_one_full  avia-builder-el-4  el_after_av_hr  el_before_av_partner  first flex_column_div av-zero-column-padding  '     ><p>\n<style type=\"text\/css\" data-created_by=\"avia_inline_auto\" id=\"style-css-av-30lkxh-4fe44aba8771de75c069ad4746d76d50\">\n#top .av-special-heading.av-30lkxh-4fe44aba8771de75c069ad4746d76d50{\npadding-bottom:10px;\n}\nbody .av-special-heading.av-30lkxh-4fe44aba8771de75c069ad4746d76d50 .av-special-heading-tag .heading-char{\nfont-size:25px;\n}\n.av-special-heading.av-30lkxh-4fe44aba8771de75c069ad4746d76d50 .av-subheading{\nfont-size:15px;\n}\n<\/style>\n<div  class='av-special-heading av-30lkxh-4fe44aba8771de75c069ad4746d76d50 av-special-heading-h3  avia-builder-el-5  el_before_av_textblock  avia-builder-el-first '><h3 class='av-special-heading-tag '  itemprop=\"headline\"  >Programm<\/h3><div class=\"special-heading-border\"><div class=\"special-heading-inner-border\"><\/div><\/div><\/div><br \/>\n<section  class='av_textblock_section av-147ttyh-d662ed1fd35fc358484ad45d34380532 '   itemscope=\"itemscope\" itemtype=\"https:\/\/schema.org\/CreativeWork\" ><div class='avia_textblock'  itemprop=\"text\" ><ul>\n<li>14.00 Uhr Ankunft der G\u00e4ste in der VIP-Lounge (im Caff\u00e8 degli Specchi)<\/li>\n<li>15.00 Uhr Beginn des Turniers<\/li>\n<li>ca. 20.30 Uhr Ende des Turniers<\/li>\n<li>anschlie\u00dfend: Players Party und Siegerehrung im Caff\u00e8 degli Specchi<\/li>\n<\/ul>\n<\/div><\/section><\/p><\/div><div  class='avia-logo-element-container av-426cc1f-157f4a226d8de13071d092f50f714447 avia-logo-grid avia-content-slider avia-smallarrow-slider avia-content-grid-active noHover avia-content-slider-odd  avia-builder-el-7  el_after_av_one_full  el_before_av_hr  avia-content-slider1' ><div class='avia-smallarrow-slider-heading  no-logo-slider-heading '><div class='new-special-heading'>&nbsp;<\/div><\/div><div class=\"avia-content-slider-inner\"><div class=\"slide-entry-wrap\"><div  class='slide-entry av-3l64aoj-fd4589095b8f43d169999074ba9be393 flex_column no_margin av_one_seventh real-thumbnail post-entry slide-entry-overview slide-loop-1 slide-parity-odd  first'><img decoding=\"async\" fetchpriority=\"high\" width=\"100\" height=\"75\" src=\"https:\/\/www.incitygolf.com\/wp-content\/uploads\/2022\/11\/centro-porsche-udine-sponsor-incitygolf.png\" class=\"wp-image-14877 avia-img-lazy-loading-not-14877 attachment-no scaling size-no scaling\" alt=\"\" \/><\/div><div  class='slide-entry av-2vuaxpv-2c367c1db3cd3e7967101630e348c83f flex_column no_margin av_one_seventh real-thumbnail post-entry slide-entry-overview slide-loop-2 slide-parity-even  '><img decoding=\"async\" fetchpriority=\"high\" width=\"100\" height=\"75\" src=\"https:\/\/www.incitygolf.com\/wp-content\/uploads\/2024\/03\/double-tree-hilton-sponsor-incitygolf.png\" class=\"wp-image-16021 avia-img-lazy-loading-not-16021 attachment-no scaling size-no scaling\" alt=\"\" \/><\/div><div  class='slide-entry av-2ls2t9v-c14524773b78b878d7c5505cb9482081 flex_column no_margin av_one_seventh real-thumbnail post-entry slide-entry-overview slide-loop-3 slide-parity-odd  '><img decoding=\"async\" fetchpriority=\"high\" width=\"100\" height=\"75\" src=\"https:\/\/www.incitygolf.com\/wp-content\/uploads\/2022\/11\/caffe-degli-specchi-sponsor-incitygolf.png\" class=\"wp-image-14880 avia-img-lazy-loading-not-14880 attachment-no scaling size-no scaling\" alt=\"\" \/><\/div><div  class='slide-entry av-29s4tw3-58d5e8de0f75d822e2db5f4b2ff4b857 flex_column no_margin av_one_seventh real-thumbnail post-entry slide-entry-overview slide-loop-4 slide-parity-even  '><img decoding=\"async\" fetchpriority=\"high\" width=\"100\" height=\"75\" src=\"https:\/\/www.incitygolf.com\/wp-content\/uploads\/2024\/04\/la-bomboniera-sponsor-incitygolf.png\" class=\"wp-image-16223 avia-img-lazy-loading-not-16223 attachment-no scaling size-no scaling\" alt=\"\" \/><\/div><div  class='slide-entry av-1hdzuj7-b719a165b110d00a824445e5c5921487 flex_column no_margin av_one_seventh real-thumbnail post-entry slide-entry-overview slide-loop-5 slide-parity-odd  '><img decoding=\"async\" fetchpriority=\"high\" width=\"100\" height=\"75\" src=\"https:\/\/www.incitygolf.com\/wp-content\/uploads\/2024\/04\/sponsor-incitygolf-tommaseo.png\" class=\"wp-image-16088 avia-img-lazy-loading-not-16088 attachment-no scaling size-no scaling\" alt=\"\" \/><\/div><div  class='slide-entry av-107kwhf-c604d2aae48fac72b9f2593003986cc1 flex_column no_margin av_one_seventh real-thumbnail post-entry slide-entry-overview slide-loop-6 slide-parity-even  '><img decoding=\"async\" fetchpriority=\"high\" width=\"100\" height=\"75\" src=\"https:\/\/www.incitygolf.com\/wp-content\/uploads\/2024\/04\/sponsor-con-la-collaborazione-comune-di-trieste.png\" class=\"wp-image-16105 avia-img-lazy-loading-not-16105 attachment-no scaling size-no scaling\" alt=\"\" \/><\/div><div  class='slide-entry av-1vivgz-3e4dadf0ce94337eaa5d41be785ed633 flex_column no_margin av_one_seventh real-thumbnail post-entry slide-entry-overview slide-loop-7 slide-parity-odd post-entry-last '><img decoding=\"async\" fetchpriority=\"high\" width=\"100\" height=\"75\" src=\"https:\/\/www.incitygolf.com\/wp-content\/uploads\/2025\/05\/fvg-sponsor-incitygolf.png\" class=\"wp-image-17724 avia-img-lazy-loading-not-17724 attachment-no scaling size-no scaling\" alt=\"\" \/><\/div><\/div><\/div><\/div><\/p>\n\n<style type=\"text\/css\" data-created_by=\"avia_inline_auto\" id=\"style-css-av-4zwugyb-6f4a3b75c07dbdc42baa44e0cf622092\">\n#top .hr.hr-invisible.av-4zwugyb-6f4a3b75c07dbdc42baa44e0cf622092{\nheight:50px;\n}\n<\/style>\n<div  class='hr av-4zwugyb-6f4a3b75c07dbdc42baa44e0cf622092 hr-invisible  avia-builder-el-8  el_after_av_partner  el_before_av_one_half '><span class='hr-inner '><span class=\"hr-inner-style\"><\/span><\/span><\/div>\n\n<style type=\"text\/css\" data-created_by=\"avia_inline_auto\" id=\"style-css-av-2vs67n-d3fdf3e281566df46469cd1f0b0a122f\">\n.flex_column.av-2vs67n-d3fdf3e281566df46469cd1f0b0a122f{\nborder-radius:0px 0px 0px 0px;\npadding:0px 0px 0px 0px;\n}\n<\/style>\n<div  class='flex_column av-2vs67n-d3fdf3e281566df46469cd1f0b0a122f av_one_half  avia-builder-el-9  el_after_av_hr  el_before_av_one_half  first flex_column_div av-zero-column-padding  '     ><div  class='avia-button-wrap av-kg93f65v-d2c6f4fa2bad508afe94f7dbda664406-wrap avia-button-center  avia-builder-el-10  avia-builder-el-no-sibling '>\n<style type=\"text\/css\" data-created_by=\"avia_inline_auto\" id=\"style-css-av-kg93f65v-d2c6f4fa2bad508afe94f7dbda664406\">\n#top #wrap_all .avia-button.av-kg93f65v-d2c6f4fa2bad508afe94f7dbda664406{\ncolor:#baa871;\ntransition:all 0.4s ease-in-out;\n}\n#top #wrap_all .avia-button.av-kg93f65v-d2c6f4fa2bad508afe94f7dbda664406:hover{\ncolor:white;\ntransition:all 0.4s ease-in-out;\n}\n#top #wrap_all .avia-button.av-kg93f65v-d2c6f4fa2bad508afe94f7dbda664406 .avia-svg-icon svg:first-child{\nfill:#baa871;\nstroke:#baa871;\n}\n#top #wrap_all .avia-button.av-kg93f65v-d2c6f4fa2bad508afe94f7dbda664406:hover .avia-svg-icon svg:first-child{\nfill:white;\nstroke:white;\n}\n<\/style>\n<a href='https:\/\/www.incitygolf.com\/de\/ph-trieste-2025\/'  class='avia-button av-kg93f65v-d2c6f4fa2bad508afe94f7dbda664406 av-link-btn avia-icon_select-yes-left-icon avia-size-large avia-position-center avia-color-theme-color'   aria-label=\"PHOTOGALLERY 18-LOCH PARCOURS 2025\"><span class='avia_button_icon avia_button_icon_left avia-iconfont avia-font-entypo-fontello' data-av_icon='\ue80f' data-av_iconfont='entypo-fontello' ><\/span><span class='avia_iconbox_title' >PHOTOGALLERY 18-LOCH PARCOURS 2025<\/span><span class='avia_button_background avia-button avia-color-light' ><\/span><\/a><\/div><\/div>\n\n<style type=\"text\/css\" data-created_by=\"avia_inline_auto\" id=\"style-css-av-16zv1zn-6134b641a3c738215e7e7bee00b186f6\">\n.flex_column.av-16zv1zn-6134b641a3c738215e7e7bee00b186f6{\nborder-radius:0px 0px 0px 0px;\npadding:0px 0px 0px 0px;\n}\n<\/style>\n<div  class='flex_column av-16zv1zn-6134b641a3c738215e7e7bee00b186f6 av_one_half  avia-builder-el-11  el_after_av_one_half  el_before_av_hr  flex_column_div av-zero-column-padding  '     ><div  class='avia-button-wrap av-kg93f65v-1-2cdc1b24e839d2412db3aaecaef52fb8-wrap avia-button-center  avia-builder-el-12  avia-builder-el-no-sibling '>\n<style type=\"text\/css\" data-created_by=\"avia_inline_auto\" id=\"style-css-av-kg93f65v-1-2cdc1b24e839d2412db3aaecaef52fb8\">\n#top #wrap_all .avia-button.av-kg93f65v-1-2cdc1b24e839d2412db3aaecaef52fb8{\ncolor:#baa871;\ntransition:all 0.4s ease-in-out;\n}\n#top #wrap_all .avia-button.av-kg93f65v-1-2cdc1b24e839d2412db3aaecaef52fb8:hover{\ncolor:#ffffff;\ntransition:all 0.4s ease-in-out;\n}\n#top #wrap_all .avia-button.av-kg93f65v-1-2cdc1b24e839d2412db3aaecaef52fb8 .avia-svg-icon svg:first-child{\nfill:#baa871;\nstroke:#baa871;\n}\n#top #wrap_all .avia-button.av-kg93f65v-1-2cdc1b24e839d2412db3aaecaef52fb8:hover .avia-svg-icon svg:first-child{\nfill:#ffffff;\nstroke:#ffffff;\n}\n<\/style>\n<a href='https:\/\/www.incitygolf.com\/video-2\/'  class='avia-button av-kg93f65v-1-2cdc1b24e839d2412db3aaecaef52fb8 av-link-btn avia-icon_select-yes-left-icon avia-size-large avia-position-center avia-color-theme-color'   aria-label=\"VIDEO\"><span class='avia_button_icon avia_button_icon_left avia-iconfont avia-font-entypo-fontello' data-av_icon='\ue80d' data-av_iconfont='entypo-fontello' ><\/span><span class='avia_iconbox_title' >VIDEO<\/span><span class='avia_button_background avia-button avia-color-light' ><\/span><\/a><\/div><\/div>\n<div  class='hr av-akx911-2-8d4b134a9e2632ab97679d9435675d65 hr-full  avia-builder-el-13  el_after_av_one_half  el_before_av_textblock  hr-no-shadow'><span class='hr-inner '><span class=\"hr-inner-style\"><\/span><\/span><\/div>\n<section  class='av_textblock_section av-97rhlx-b948f08f2fb548b0af93cc07d55a0432 '   itemscope=\"itemscope\" itemtype=\"https:\/\/schema.org\/CreativeWork\" ><div class='avia_textblock'  itemprop=\"text\" ><p><img loading=\"lazy\" decoding=\"async\" class=\"alignnone wp-image-14883 size-full\" src=\"https:\/\/www.incitygolf.com\/wp-content\/uploads\/2022\/11\/infocity-trieste.png\" alt=\"\" width=\"99\" height=\"51\" \/><br \/>\nTriest versteht es elegant und lebendig zu sein, dank seiner historischen Caf\u00e9s, in denen die Einwohner \u00fcber Kultur und Politik diskutieren und reges Leben herrscht. Die Hafenstadt liegt im schmalen Landstrich zwischen der Adriak\u00fcste und dem Karst an der Grenze zu Slowenien. Durch diese besondere Lage vereinen sich Einfl\u00fcsse aus Italien, \u00d6sterreich-Ungarn und Slowenien.<\/p>\n<\/div><\/section>\n\n<style type=\"text\/css\" data-created_by=\"avia_inline_auto\" id=\"style-css-av-710hf9-13ea1ac2bdbbf85fac7993f5ea53c9d3\">\n#top .avia-icon-list-container.av-710hf9-13ea1ac2bdbbf85fac7993f5ea53c9d3 .iconlist_icon{\ncolor:#baa871;\nbackground-color:#333333;\n}\n#top .avia-icon-list-container.av-710hf9-13ea1ac2bdbbf85fac7993f5ea53c9d3 .iconlist_icon svg:first-child{\nstroke:#baa871;\nfill:#baa871;\n}\n<\/style>\n<div  class='avia-icon-list-container av-710hf9-13ea1ac2bdbbf85fac7993f5ea53c9d3  avia-builder-el-15  el_after_av_textblock  avia-builder-el-last '><ul class='avia-icon-list avia_animate_when_almost_visible avia-icon-list-left av-iconlist-big av-710hf9-13ea1ac2bdbbf85fac7993f5ea53c9d3 avia-iconlist-animate'>\n<li><div class='iconlist_icon av-5zzyqt-33367c1d4dd9b694b359dffebc731194 avia-font-icomoon avia-iconfont avia-font-icomoon'><span class='av-icon-char' data-av_icon='\ue900' data-av_iconfont='icomoon' aria-hidden=\"true\"><\/span><\/div><article class=\"article-icon-entry \"  itemscope=\"itemscope\" itemtype=\"https:\/\/schema.org\/CreativeWork\" ><div class=\"iconlist_content_wrap\"><header class=\"entry-content-header\" aria-label=\"Icon: Inhabitants\"><h4 class='av_iconlist_title iconlist_title  '  itemprop=\"headline\" >Inhabitants<\/h4><\/header><div class='iconlist_content '  itemprop=\"text\" ><p><span class=\"LrzXr kno-fv wHYlTd z8gr9e wKYGZc\">204.234<\/span><\/p>\n<\/div><\/div><footer class=\"entry-footer\"><\/footer><\/article><div class=\"iconlist-timeline\"><\/div><\/li>\n<li><div class='iconlist_icon av-40d38l-579ec6ad3af103f45542f2da72e81d1d avia-font-icomoon avia-iconfont avia-font-icomoon'><span class='av-icon-char' data-av_icon='\ue901' data-av_iconfont='icomoon' aria-hidden=\"true\"><\/span><\/div><article class=\"article-icon-entry \"  itemscope=\"itemscope\" itemtype=\"https:\/\/schema.org\/CreativeWork\" ><div class=\"iconlist_content_wrap\"><header class=\"entry-content-header\" aria-label=\"Icon: Surface\"><h4 class='av_iconlist_title iconlist_title  '  itemprop=\"headline\" >Surface<\/h4><\/header><div class='iconlist_content '  itemprop=\"text\" ><p><span class=\"LrzXr kno-fv wHYlTd z8gr9e\">84\u00a0km\u00b2<\/span><\/p>\n<\/div><\/div><footer class=\"entry-footer\"><\/footer><\/article><div class=\"iconlist-timeline\"><\/div><\/li>\n<li><div class='iconlist_icon av-2lqdyd-c1d7641f489a83653d07880c0221e927 avia-font-icomoon avia-iconfont avia-font-icomoon'><span class='av-icon-char' data-av_icon='\ue902' data-av_iconfont='icomoon' aria-hidden=\"true\"><\/span><\/div><article class=\"article-icon-entry \"  itemscope=\"itemscope\" itemtype=\"https:\/\/schema.org\/CreativeWork\" ><div class=\"iconlist_content_wrap\"><header class=\"entry-content-header\" aria-label=\"Icon: Annual visitors\"><h4 class='av_iconlist_title iconlist_title  '  itemprop=\"headline\" >Annual visitors<\/h4><\/header><div class='iconlist_content '  itemprop=\"text\" ><p>1.158.020<\/p>\n<\/div><\/div><footer class=\"entry-footer\"><\/footer><\/article><div class=\"iconlist-timeline\"><\/div><\/li>\n<\/ul><\/div>\n","protected":false},"excerpt":{"rendered":"","protected":false},"author":5,"featured_media":0,"parent":4468,"menu_order":0,"comment_status":"closed","ping_status":"closed","template":"","meta":{"footnotes":""},"class_list":["post-14867","page","type-page","status-publish","hentry"],"_links":{"self":[{"href":"https:\/\/www.incitygolf.com\/de\/wp-json\/wp\/v2\/pages\/14867","targetHints":{"allow":["GET"]}}],"collection":[{"href":"https:\/\/www.incitygolf.com\/de\/wp-json\/wp\/v2\/pages"}],"about":[{"href":"https:\/\/www.incitygolf.com\/de\/wp-json\/wp\/v2\/types\/page"}],"author":[{"embeddable":true,"href":"https:\/\/www.incitygolf.com\/de\/wp-json\/wp\/v2\/users\/5"}],"replies":[{"embeddable":true,"href":"https:\/\/www.incitygolf.com\/de\/wp-json\/wp\/v2\/comments?post=14867"}],"version-history":[{"count":56,"href":"https:\/\/www.incitygolf.com\/de\/wp-json\/wp\/v2\/pages\/14867\/revisions"}],"predecessor-version":[{"id":19126,"href":"https:\/\/www.incitygolf.com\/de\/wp-json\/wp\/v2\/pages\/14867\/revisions\/19126"}],"up":[{"embeddable":true,"href":"https:\/\/www.incitygolf.com\/de\/wp-json\/wp\/v2\/pages\/4468"}],"wp:attachment":[{"href":"https:\/\/www.incitygolf.com\/de\/wp-json\/wp\/v2\/media?parent=14867"}],"curies":[{"name":"wp","href":"https:\/\/api.w.org\/{rel}","templated":true}]}}