{"id":18297,"date":"2025-07-01T17:52:11","date_gmt":"2025-07-01T15:52:11","guid":{"rendered":"https:\/\/www.incitygolf.com\/?page_id=18297"},"modified":"2026-02-11T10:51:17","modified_gmt":"2026-02-11T09:51:17","slug":"verona","status":"publish","type":"page","link":"https:\/\/www.incitygolf.com\/de\/events\/verona\/","title":{"rendered":"Verona"},"content":{"rendered":"\n<style type=\"text\/css\" data-created_by=\"avia_inline_auto\" id=\"style-css-av-l4d5x3jj-fbdfabc81f3245a45792efae9bf15390\">\n#top .av-special-heading.av-l4d5x3jj-fbdfabc81f3245a45792efae9bf15390{\npadding-bottom:10px;\n}\nbody .av-special-heading.av-l4d5x3jj-fbdfabc81f3245a45792efae9bf15390 .av-special-heading-tag .heading-char{\nfont-size:25px;\n}\n.av-special-heading.av-l4d5x3jj-fbdfabc81f3245a45792efae9bf15390 .av-subheading{\nfont-size:15px;\n}\n<\/style>\n<div  class='av-special-heading av-l4d5x3jj-fbdfabc81f3245a45792efae9bf15390 av-special-heading-h1  avia-builder-el-0  el_before_av_textblock  avia-builder-el-first '><h1 class='av-special-heading-tag '  itemprop=\"headline\"  >In City Golf Verona 2026<\/h1><div class=\"special-heading-border\"><div class=\"special-heading-inner-border\"><\/div><\/div><\/div>\n<section  class='av_textblock_section av-mfeosn-24a780b48d040ac6d097165667870c73 '   itemscope=\"itemscope\" itemtype=\"https:\/\/schema.org\/CreativeWork\" ><div class='avia_textblock'  itemprop=\"text\" ><h2>3. Oktober 2026 &#8211; 18-Loch Parcours<\/h2>\n<\/div><\/section>\n\n<style type=\"text\/css\" data-created_by=\"avia_inline_auto\" id=\"style-css-av-kt14xj-a65ba1b02ae42e5790d373853ffb806f\">\n.avia-image-container.av-kt14xj-a65ba1b02ae42e5790d373853ffb806f img.avia_image{\nbox-shadow:none;\n}\n.avia-image-container.av-kt14xj-a65ba1b02ae42e5790d373853ffb806f .av-image-caption-overlay-center{\ncolor:#ffffff;\n}\n<\/style>\n<div  class='avia-image-container av-kt14xj-a65ba1b02ae42e5790d373853ffb806f av-styling- avia-align-left  avia-builder-el-2  el_after_av_textblock  el_before_av_hr '   itemprop=\"image\" itemscope=\"itemscope\" itemtype=\"https:\/\/schema.org\/ImageObject\" ><div class=\"avia-image-container-inner\"><div class=\"avia-image-overlay-wrap\"><img decoding=\"async\" fetchpriority=\"high\" class='wp-image-9545 avia-img-lazy-loading-not-9545 avia_image ' src=\"https:\/\/www.incitygolf.com\/wp-content\/uploads\/2015\/06\/28_torneo_golf_verona_incitygolf_2015.jpg\" alt='' title='28_torneo_golf_verona_incitygolf_2015'  height=\"666\" width=\"1000\"  itemprop=\"thumbnailUrl\" srcset=\"https:\/\/www.incitygolf.com\/wp-content\/uploads\/2015\/06\/28_torneo_golf_verona_incitygolf_2015.jpg 1000w, https:\/\/www.incitygolf.com\/wp-content\/uploads\/2015\/06\/28_torneo_golf_verona_incitygolf_2015-300x199.jpg 300w, https:\/\/www.incitygolf.com\/wp-content\/uploads\/2015\/06\/28_torneo_golf_verona_incitygolf_2015-705x469.jpg 705w, https:\/\/www.incitygolf.com\/wp-content\/uploads\/2015\/06\/28_torneo_golf_verona_incitygolf_2015-450x299.jpg 450w\" sizes=\"(max-width: 1000px) 100vw, 1000px\" \/><\/div><\/div><\/div>\n\n<style type=\"text\/css\" data-created_by=\"avia_inline_auto\" id=\"style-css-av-jgh8jr-aed3e4fbbb17041cc84f58bce62edc0e\">\n#top .hr.hr-invisible.av-jgh8jr-aed3e4fbbb17041cc84f58bce62edc0e{\nheight:50px;\n}\n<\/style>\n<div  class='hr av-jgh8jr-aed3e4fbbb17041cc84f58bce62edc0e hr-invisible  avia-builder-el-3  el_after_av_image  el_before_av_textblock '><span class='hr-inner '><span class=\"hr-inner-style\"><\/span><\/span><\/div>\n<section  class='av_textblock_section av-mcok48nj-adbcd4e321f1395722713c0e6580687b '   itemscope=\"itemscope\" itemtype=\"https:\/\/schema.org\/CreativeWork\" ><div class='avia_textblock'  itemprop=\"text\" ><p>Nach vierte erfolgreichen Ausgaben kehrt<strong> In City Golf am 3. Oktober 2026<\/strong> endlich wieder in die wundersch\u00f6ne Altstadt von Verona zur\u00fcck. Bereits zum vierten Mal wird die Stadt zur Kulisse f\u00fcr ein einmaliges Sporterlebnis, das Golf, Lifestyle und urbane Kultur vereint.<\/p>\n<\/div><\/section>\n<section  class='av_textblock_section av-147ttyh-d662ed1fd35fc358484ad45d34380532 '   itemscope=\"itemscope\" itemtype=\"https:\/\/schema.org\/CreativeWork\" ><div class='avia_textblock'  itemprop=\"text\" ><p><em>More details coming soon<\/em><\/p>\n<\/div><\/section>\n<div  class='hr av-a6auev-e504698e95d2e4b924f8fa16255a17bc hr-full  avia-builder-el-6  el_after_av_textblock  el_before_av_textblock  hr-no-shadow'><span class='hr-inner '><span class=\"hr-inner-style\"><\/span><\/span><\/div>\n<section  class='av_textblock_section av-9lf687-cf41a0505251443b4b6435e67d70f5c6 '   itemscope=\"itemscope\" itemtype=\"https:\/\/schema.org\/CreativeWork\" ><div class='avia_textblock'  itemprop=\"text\" ><p><img loading=\"lazy\" decoding=\"async\" class=\"alignnone size-full wp-image-18299\" src=\"https:\/\/www.incitygolf.com\/wp-content\/uploads\/2025\/07\/infocity-verona.png\" alt=\"\" width=\"122\" height=\"51\" \/><br \/>\nEs gibt zwei Dinge, die einem ganz sicher in den Sinn kommen, wenn man an Verona denkt: Shakespeare und die Arena. Zwischen 2014 und 2016 gab es drei Editionen von In City Golf in der Stadt von Romeo und Julia. Von der Arena zur \u201cVia Mazzini\u201d \u00fcber die \u201cPiazza delle Erbe\u201d bis hin zum \u201cCorso Porta Borsari\u201d, dem \u201cCastelvecchio\u201d und der \u201cTerrazza Reniero\u201d hatten die 72 geladenen Spieler die M\u00f6glichkeit, die Stadt auf eine einzigartige Art und Weise zu erleben.<\/p>\n<\/div><\/section>\n\n<style type=\"text\/css\" data-created_by=\"avia_inline_auto\" id=\"style-css-av-7g6e7b-8519179a2ee8236a84b2e78a8f491493\">\n#top .avia-icon-list-container.av-7g6e7b-8519179a2ee8236a84b2e78a8f491493 .iconlist_icon{\ncolor:#baa871;\nbackground-color:#333333;\n}\n#top .avia-icon-list-container.av-7g6e7b-8519179a2ee8236a84b2e78a8f491493 .iconlist_icon svg:first-child{\nstroke:#baa871;\nfill:#baa871;\n}\n<\/style>\n<div  class='avia-icon-list-container av-7g6e7b-8519179a2ee8236a84b2e78a8f491493  avia-builder-el-8  el_after_av_textblock  avia-builder-el-last '><ul class='avia-icon-list avia_animate_when_almost_visible avia-icon-list-left av-iconlist-big av-7g6e7b-8519179a2ee8236a84b2e78a8f491493 avia-iconlist-animate'>\n<li><div class='iconlist_icon av-57gg07-5c691cd664927c84901cf443dce3a928 avia-font-icomoon avia-iconfont avia-font-icomoon'><span class='av-icon-char' data-av_icon='\ue900' data-av_iconfont='icomoon' aria-hidden=\"true\"><\/span><\/div><article class=\"article-icon-entry \"  itemscope=\"itemscope\" itemtype=\"https:\/\/schema.org\/CreativeWork\" ><div class=\"iconlist_content_wrap\"><header class=\"entry-content-header\" aria-label=\"Icon: Inhabitants\"><h4 class='av_iconlist_title iconlist_title  '  itemprop=\"headline\" >Inhabitants<\/h4><\/header><div class='iconlist_content '  itemprop=\"text\" ><p>257.008<\/p>\n<\/div><\/div><footer class=\"entry-footer\"><\/footer><\/article><div class=\"iconlist-timeline\"><\/div><\/li>\n<li><div class='iconlist_icon av-4qgqef-18815bd7f2917c0e218102bd696344c8 avia-font-icomoon avia-iconfont avia-font-icomoon'><span class='av-icon-char' data-av_icon='\ue901' data-av_iconfont='icomoon' aria-hidden=\"true\"><\/span><\/div><article class=\"article-icon-entry \"  itemscope=\"itemscope\" itemtype=\"https:\/\/schema.org\/CreativeWork\" ><div class=\"iconlist_content_wrap\"><header class=\"entry-content-header\" aria-label=\"Icon: Surface\"><h4 class='av_iconlist_title iconlist_title  '  itemprop=\"headline\" >Surface<\/h4><\/header><div class='iconlist_content '  itemprop=\"text\" ><p>206,6 km2<\/p>\n<\/div><\/div><footer class=\"entry-footer\"><\/footer><\/article><div class=\"iconlist-timeline\"><\/div><\/li>\n<li><div class='iconlist_icon av-10c7b-436ae338513e64cb45201e3778022c54 avia-font-icomoon avia-iconfont avia-font-icomoon'><span class='av-icon-char' data-av_icon='\ue902' data-av_iconfont='icomoon' aria-hidden=\"true\"><\/span><\/div><article class=\"article-icon-entry \"  itemscope=\"itemscope\" itemtype=\"https:\/\/schema.org\/CreativeWork\" ><div class=\"iconlist_content_wrap\"><header class=\"entry-content-header\" aria-label=\"Icon: Annual visitors\"><h4 class='av_iconlist_title iconlist_title  '  itemprop=\"headline\" >Annual visitors<\/h4><\/header><div class='iconlist_content '  itemprop=\"text\" ><p>18,8 milioni<\/p>\n<\/div><\/div><footer class=\"entry-footer\"><\/footer><\/article><div class=\"iconlist-timeline\"><\/div><\/li>\n<\/ul><\/div>\n","protected":false},"excerpt":{"rendered":"","protected":false},"author":5,"featured_media":0,"parent":4468,"menu_order":0,"comment_status":"closed","ping_status":"closed","template":"","meta":{"footnotes":""},"class_list":["post-18297","page","type-page","status-publish","hentry"],"_links":{"self":[{"href":"https:\/\/www.incitygolf.com\/de\/wp-json\/wp\/v2\/pages\/18297","targetHints":{"allow":["GET"]}}],"collection":[{"href":"https:\/\/www.incitygolf.com\/de\/wp-json\/wp\/v2\/pages"}],"about":[{"href":"https:\/\/www.incitygolf.com\/de\/wp-json\/wp\/v2\/types\/page"}],"author":[{"embeddable":true,"href":"https:\/\/www.incitygolf.com\/de\/wp-json\/wp\/v2\/users\/5"}],"replies":[{"embeddable":true,"href":"https:\/\/www.incitygolf.com\/de\/wp-json\/wp\/v2\/comments?post=18297"}],"version-history":[{"count":39,"href":"https:\/\/www.incitygolf.com\/de\/wp-json\/wp\/v2\/pages\/18297\/revisions"}],"predecessor-version":[{"id":19037,"href":"https:\/\/www.incitygolf.com\/de\/wp-json\/wp\/v2\/pages\/18297\/revisions\/19037"}],"up":[{"embeddable":true,"href":"https:\/\/www.incitygolf.com\/de\/wp-json\/wp\/v2\/pages\/4468"}],"wp:attachment":[{"href":"https:\/\/www.incitygolf.com\/de\/wp-json\/wp\/v2\/media?parent=18297"}],"curies":[{"name":"wp","href":"https:\/\/api.w.org\/{rel}","templated":true}]}}