{"id":1997,"date":"2014-01-09T16:20:13","date_gmt":"2014-01-09T15:20:13","guid":{"rendered":"https:\/\/www.incitygolf.com\/?page_id=1997"},"modified":"2026-03-20T09:21:47","modified_gmt":"2026-03-20T08:21:47","slug":"location-2","status":"publish","type":"page","link":"https:\/\/www.incitygolf.com\/de\/location-2\/","title":{"rendered":"Location"},"content":{"rendered":"<div id='layer_slider_1'  class='avia-layerslider main_color avia-shadow  avia-builder-el-0  el_before_av_heading  avia-builder-el-first  container_wrap sidebar_right'  style='height: 651px;'  ><\/div><div id='after_layer_slider_1'  class='main_color av_default_container_wrap container_wrap sidebar_right'  ><div class='container av-section-cont-open' ><div class='template-page content  av-content-small alpha units'><div class='post-entry post-entry-type-page post-entry-1997'><div class='entry-content-wrapper clearfix'>\n\n<style type=\"text\/css\" data-created_by=\"avia_inline_auto\" id=\"style-css-av-33slst-3a4d237fe125780a904314fb176a9963\">\n#top .av-special-heading.av-33slst-3a4d237fe125780a904314fb176a9963{\npadding-bottom:10px;\n}\nbody .av-special-heading.av-33slst-3a4d237fe125780a904314fb176a9963 .av-special-heading-tag .heading-char{\nfont-size:25px;\n}\n.av-special-heading.av-33slst-3a4d237fe125780a904314fb176a9963 .av-subheading{\nfont-size:15px;\n}\n<\/style>\n<div  class='av-special-heading av-33slst-3a4d237fe125780a904314fb176a9963 av-special-heading-h1 blockquote modern-quote  avia-builder-el-1  el_after_av_layerslider  el_before_av_textblock  avia-builder-el-first '><h1 class='av-special-heading-tag '  itemprop=\"headline\"  >In City Golf. Wo man spielt<\/h1><div class=\"special-heading-border\"><div class=\"special-heading-inner-border\"><\/div><\/div><\/div>\n\n<style type=\"text\/css\" data-created_by=\"avia_inline_auto\" id=\"style-css-av-kd02rkmv-ac7b8fcc68fc3f79301c844a3f272696\">\n#top .av_textblock_section.av-kd02rkmv-ac7b8fcc68fc3f79301c844a3f272696 .avia_textblock{\nfont-size:18px;\n}\n<\/style>\n<section  class='av_textblock_section av-kd02rkmv-ac7b8fcc68fc3f79301c844a3f272696 '   itemscope=\"itemscope\" itemtype=\"https:\/\/schema.org\/CreativeWork\" ><div class='avia_textblock'  itemprop=\"text\" ><p>Von historischen internationalen St\u00e4dten, \u00fcber europ\u00e4ische Metropolen bis hin zu den exklusiven Orten. In City Golf erm\u00f6glicht Golf in garantiert spektakul\u00e4rer Art und Weise. Die Originalit\u00e4t besteht darin jedes Hole mit einer historischen, kulturellen, sportlichen oder touristischen Sehensw\u00fcrdigkeit zu verbinden die die Gastgeberstadt charakterisiert, bzw. symbolisiert. Jedes Jahr eine neue Location. Von 2010 bis heute waren <span id=\"noHighlight_0.1675134284265427\">zehn<\/span> St\u00e4dte Schauplatz von In City Golf.<\/p>\n<\/div><\/section>\n\n<style type=\"text\/css\" data-created_by=\"avia_inline_auto\" id=\"style-css-av-6ws8dp-0143088940f7f57570cdd4540049c416\">\n.flex_column.av-6ws8dp-0143088940f7f57570cdd4540049c416{\nborder-radius:0px 0px 0px 0px;\npadding:0px 0px 0px 0px;\n}\n<\/style>\n<div  class='flex_column av-6ws8dp-0143088940f7f57570cdd4540049c416 av_one_half  avia-builder-el-3  el_after_av_textblock  el_before_av_one_half  first flex_column_div av-zero-column-padding  column-top-margin'     ><p>\n<style type=\"text\/css\" data-created_by=\"avia_inline_auto\" id=\"style-css-av-215kn1-dc25fb52d8fe715322bee08357cd2a93\">\n#top .av-special-heading.av-215kn1-dc25fb52d8fe715322bee08357cd2a93{\npadding-bottom:10px;\n}\nbody .av-special-heading.av-215kn1-dc25fb52d8fe715322bee08357cd2a93 .av-special-heading-tag .heading-char{\nfont-size:25px;\n}\n.av-special-heading.av-215kn1-dc25fb52d8fe715322bee08357cd2a93 .av-subheading{\nfont-size:15px;\n}\n<\/style>\n<div  class='av-special-heading av-215kn1-dc25fb52d8fe715322bee08357cd2a93 av-special-heading-h2  avia-builder-el-4  el_before_av_textblock  avia-builder-el-first '><h2 class='av-special-heading-tag '  itemprop=\"headline\"  >2026-Neuigkeiten<\/h2><div class=\"special-heading-border\"><div class=\"special-heading-inner-border\"><\/div><\/div><\/div><br \/>\n<section  class='av_textblock_section av-6atjvh-e5d0443f2c268163a63af018f62784a0 '   itemscope=\"itemscope\" itemtype=\"https:\/\/schema.org\/CreativeWork\" ><div class='avia_textblock'  itemprop=\"text\" ><h4>Trieste<\/h4>\n<p>06. Juni 2026 \u2013 18-Loch Parcours<br \/>\n<strong>In Zusammenarbeit mit dem Comune di Trieste<br \/>\n<\/strong><\/p>\n<h4>Mantova<\/h4>\n<p>05. September 2026 \u2013 18-Loch Parcours<br \/>\n<strong>In Zusammenarbeit mit dem Comune di Mantova<\/strong><\/p>\n<h4>Verona<\/h4>\n<p>06. Oktober 2026 \u2013 18-Loch Parcours<br \/>\n<strong>In Zusammenarbeit mit dem Comune di Verona<\/strong><\/p>\n<\/div><\/section><br \/>\n<div  class='avia-button-wrap av-kd02sgie-133da7e2ae079943782745efdfdef24c-wrap avia-button-left  avia-builder-el-6  el_after_av_textblock  avia-builder-el-last '>\n<style type=\"text\/css\" data-created_by=\"avia_inline_auto\" id=\"style-css-av-kd02sgie-133da7e2ae079943782745efdfdef24c\">\n#top #wrap_all .avia-button.av-kd02sgie-133da7e2ae079943782745efdfdef24c{\nbackground-color:#333333;\nborder-color:#333333;\ncolor:#cfbc7c;\ntransition:all 0.4s ease-in-out;\n}\n#top #wrap_all .avia-button.av-kd02sgie-133da7e2ae079943782745efdfdef24c .avia-svg-icon svg:first-child{\nfill:#cfbc7c;\nstroke:#cfbc7c;\n}\n<\/style>\n<a href='https:\/\/www.incitygolf.com\/de\/form-2\/'  class='avia-button av-kd02sgie-133da7e2ae079943782745efdfdef24c av-link-btn avia-icon_select-yes-left-icon avia-size-large avia-position-left'   aria-label=\"Werden Sie unser Partner und begeistern Sie mit dieser Veranstaltung auch in Ihrer Stadt\u2026\"><span class='avia_button_icon avia_button_icon_left avia-iconfont avia-font-maki' data-av_icon='\ue800' data-av_iconfont='maki' ><\/span><span class='avia_iconbox_title' >Werden Sie unser Partner und begeistern Sie mit dieser Veranstaltung auch in Ihrer Stadt\u2026<\/span><\/a><\/div><\/p><\/div>\n<style type=\"text\/css\" data-created_by=\"avia_inline_auto\" id=\"style-css-av-4e6p99-8915fbd55542ecf46dc27ce303895b5d\">\n.flex_column.av-4e6p99-8915fbd55542ecf46dc27ce303895b5d{\nborder-radius:0px 0px 0px 0px;\npadding:0px 0px 0px 0px;\n}\n<\/style>\n<div  class='flex_column av-4e6p99-8915fbd55542ecf46dc27ce303895b5d av_one_half  avia-builder-el-7  el_after_av_one_half  avia-builder-el-last  flex_column_div av-zero-column-padding  column-top-margin'     ><section  class='av_textblock_section av-2nlefh-c6416d012d88334ea9edeb8f61e4c7ae '   itemscope=\"itemscope\" itemtype=\"https:\/\/schema.org\/CreativeWork\" ><div class='avia_textblock'  itemprop=\"text\" ><h4>Riva del Garda<\/h4>\n<p>19. Oktober 2024 &#8211; 9-Loch Parcours<br \/>\n<strong>In Zusammenarbeit mit dem APT Riva del Garda<\/strong><\/p>\n<h4>Trieste<\/h4>\n<p>07. Juni 2025 \u2013 18-Loch Parcours<br \/>\n07.-08. Juni 2024 &#8211; 18-Loch Parcours<br \/>\n19.-20. Mai 2023 &#8211; 18-Loch Parcours<br \/>\n17. November 2022 &#8211; promo event<br \/>\n<strong>In Zusammenarbeit mit dem Comune di Trieste<\/strong><\/p>\n<h4>Innsbruck<\/h4>\n<p>23.-24. Mai 2025 \u2013 18-Loch Parcours<br \/>\n24.-25. Mai 2024 &#8211; 18-Loch Parcours<br \/>\n23. Oktober 2019 \u2013 Promo Event<br \/>\n<strong>In Zusammenarbeit mit dem \u00d6GV<\/strong><\/p>\n<h4>Trient<\/h4>\n<p>21.-22. Oktober 2022 \u2013 18-Loch Parcours<br \/>\n17.-18. Semptember 2021 \u2013 18-Loch Parcours<br \/>\n09.-10. Oktober 2020 \u2013 18-Loch Parcours<br \/>\n20.-21. September 2019 \u2013 18-Loch Parcours<br \/>\n21.-22. September 2018 \u2013 18-Loch Parcours<br \/>\n05. Juni 2018 \u2013 Promo Event<br \/>\n<strong>In Zusammenarbeit mit dem APT Trient<\/strong><\/p>\n<h4>Wien<\/h4>\n<p>25.-26. Mai 2018 \u2013 18-Loch Parcours<br \/>\n14.-15. April 2017 \u2013 18-Loch Parcours<br \/>\n<strong>In Zusammenarbeit mit dem \u00d6GV<\/strong><\/p>\n<h4>Meran<\/h4>\n<p>02. Mai 2017 \u2013 Promo Event<br \/>\n14.-15. Juli 2017 \u2013 18-Loch Parcours<br \/>\n<strong>In Zusammenarbeit mit der Kurverwaltung Meran<\/strong><\/p>\n<h4>EXPO Milano 2015<\/h4>\n<p><span style=\"line-height: 1.5em;\">In City Golf auf der Weltausstellung EXPO Milano 2015.<br \/>\nBereits stattgefundene Ausgaben:<br \/>\n15. September 2015<br \/>\n<strong>In Zusammenarbeit mit den Regionalverb\u00e4nden der Federgolf Italien und dem italienischen Pavilion<br \/>\n<\/strong><\/span><\/p>\n<h4>Livigno<\/h4>\n<p><span style=\"line-height: 1.5em;\">Im Juli 2015 wird Livigno zum ersten Mal Gastgeber eines In City Golf Events sein.<br \/>\nIm Rahmen der Veranstaltung wird gleichtzeitg auch die 1. Livigno Golf Open am weltweit h\u00f6chstgelegenen Golf Platz mit synthetischen Gr\u00fcns, realisiert durch unsere Partner Brilliant8, ausgetragen.<br \/>\nBereits stattgefundene Ausgaben:<br \/>\n11. Juli 2015<br \/>\n<strong>In Zusammenarbeit mit der APT Livigno<\/strong><br \/>\n<\/span><\/p>\n<h4>Berlin<\/h4>\n<p>Die deutsche Hauptstadt<br \/>\n9. Oktober 2014 \u2013 Promo Event<br \/>\n<strong>In Zusammenarbeit mit dem Berlin<\/strong><\/p>\n<h4>Verona<\/h4>\n<p>Die Stadt von Romeo und Julia, als Sinnbild der Liebe und Kultur, ist 2015 wieder Schauplatz f\u00fcr ein In City Golf Event.<br \/>\nBereits stattgefundene Ausgaben:<br \/>\n27 September 2025<br \/>\n21 Mai 2016<br \/>\n28 Mai 2015<br \/>\n23-24 Mai 2014<br \/>\n<span style=\"line-height: 1.5em;\"><strong>In Zusammenarbeit mit der<\/strong><\/span> <strong>Comune di Verona<\/strong><\/p>\n<h4 style=\"text-align: justify;\">Florenz<\/h4>\n<p>Die f\u00fcr Kunst und Kultur weltbekannte Stadt war Gastgeber der Eventreihe im Jahr 2012 und 2013. Die Bilder des Promotion-Abschlags vom Arnolfo -Turm gingen damals um die ganze Welt.<br \/>\nBereits stattgefundene Ausgaben:<br \/>\n4-5\u00a0<span id=\"noHighlight_0.5714747610830065\">Oktober<\/span> 2013<br \/>\n5-6\u00a0<span id=\"noHighlight_0.5714747610830065\">Oktober<\/span> 2012<br \/>\n<span style=\"line-height: 1.5em;\"><strong>In Zusammenarbeit mit der<\/strong><\/span> <strong>Comune di Firenze<\/strong><\/p>\n<h4 style=\"text-align: justify;\">Cortina<\/h4>\n<p>Die &#8222;K\u00f6nign der Dolomiten&#8220; als erster Austragungsort der Veranstaltung. Seit 2010 begeistert das Event nicht nur die Bewohner dieser wundersch\u00f6nen Stadt, sondern immer mehr auch deren Touristen und bringt sie dem Golfsport n\u00e4her.<br \/>\nBereits stattgefundene Ausgaben:<br \/>\n29.-30. Juli 2022<br \/>\n11-12 Juli 2014<br \/>\n12-13\u00a0Juli 2013<br \/>\n13-14\u00a0Juli 2012<br \/>\n15-16\u00a0Juli 2011<br \/>\n16-17\u00a0Juli 2010<br \/>\n<span style=\"line-height: 1.5em;\"><strong>In Zusammenarbeit mit der<\/strong><\/span><strong>Comune di Cortina<\/strong><\/p>\n<\/div><\/section><\/div><\/p>\n","protected":false},"excerpt":{"rendered":"","protected":false},"author":5,"featured_media":0,"parent":0,"menu_order":0,"comment_status":"closed","ping_status":"closed","template":"","meta":{"footnotes":""},"class_list":["post-1997","page","type-page","status-publish","hentry"],"_links":{"self":[{"href":"https:\/\/www.incitygolf.com\/de\/wp-json\/wp\/v2\/pages\/1997","targetHints":{"allow":["GET"]}}],"collection":[{"href":"https:\/\/www.incitygolf.com\/de\/wp-json\/wp\/v2\/pages"}],"about":[{"href":"https:\/\/www.incitygolf.com\/de\/wp-json\/wp\/v2\/types\/page"}],"author":[{"embeddable":true,"href":"https:\/\/www.incitygolf.com\/de\/wp-json\/wp\/v2\/users\/5"}],"replies":[{"embeddable":true,"href":"https:\/\/www.incitygolf.com\/de\/wp-json\/wp\/v2\/comments?post=1997"}],"version-history":[{"count":54,"href":"https:\/\/www.incitygolf.com\/de\/wp-json\/wp\/v2\/pages\/1997\/revisions"}],"predecessor-version":[{"id":19107,"href":"https:\/\/www.incitygolf.com\/de\/wp-json\/wp\/v2\/pages\/1997\/revisions\/19107"}],"wp:attachment":[{"href":"https:\/\/www.incitygolf.com\/de\/wp-json\/wp\/v2\/media?parent=1997"}],"curies":[{"name":"wp","href":"https:\/\/api.w.org\/{rel}","templated":true}]}}