{"id":2084,"date":"2014-01-09T16:19:34","date_gmt":"2014-01-09T15:19:34","guid":{"rendered":"https:\/\/www.incitygolf.com\/?page_id=2084"},"modified":"2020-07-24T12:13:33","modified_gmt":"2020-07-24T10:13:33","slug":"das-event","status":"publish","type":"page","link":"https:\/\/www.incitygolf.com\/de\/das-event\/","title":{"rendered":"Das Event"},"content":{"rendered":"<div id='layer_slider_1'  class='avia-layerslider main_color avia-shadow  avia-builder-el-0  el_before_av_one_half  avia-builder-el-first  container_wrap sidebar_right'  style='height: 301px;'  ><\/div><div id='after_layer_slider_1'  class='main_color av_default_container_wrap container_wrap sidebar_right'  ><div class='container av-section-cont-open' ><div class='template-page content  av-content-small alpha units'><div class='post-entry post-entry-type-page post-entry-2084'><div class='entry-content-wrapper clearfix'>\n<div  class='flex_column av-av_one_half-2a9015ff38129c418a3f2eafba3e9512 av_one_half  avia-builder-el-1  el_after_av_layerslider  el_before_av_one_half  avia-builder-el-first  first flex_column_div  '     ><div  class='avia-video av-av_video-ee90134433ae9a9e9ea93dd0b6262091 avia-video-16-9 av-no-preview-image avia-video-load-always av-lazyload-immediate av-lazyload-video-embed'  itemprop=\"video\" itemtype=\"https:\/\/schema.org\/VideoObject\"  data-original_url='https:\/\/www.youtube.com\/watch?v=dOA2v8o2Tqk&feature=youtu.be'><script type='text\/html' class='av-video-tmpl'><div class='avia-iframe-wrap'><iframe loading=\"lazy\" title=\"Ready for &quot;In City Golf BERLIN 2014\/15&quot; !!!\" width=\"1500\" height=\"844\" src=\"https:\/\/www.youtube.com\/embed\/dOA2v8o2Tqk?feature=oembed&autoplay=0&loop=0&controls=1&mute=0\" frameborder=\"0\" allow=\"accelerometer; autoplay; encrypted-media; gyroscope; picture-in-picture\" allowfullscreen><\/iframe><\/div><\/script><div class='av-click-to-play-overlay'><div class=\"avia_playpause_icon\"><\/div><\/div><\/div><\/div>\n\n<style type=\"text\/css\" data-created_by=\"avia_inline_auto\" id=\"style-css-av-av_one_half-0aa7055fe62c3622faec82866afbaeb2\">\n.flex_column.av-av_one_half-0aa7055fe62c3622faec82866afbaeb2{\nborder-radius:0px 0px 0px 0px;\npadding:0px 0px 0px 0px;\n}\n<\/style>\n<div  class='flex_column av-av_one_half-0aa7055fe62c3622faec82866afbaeb2 av_one_half  avia-builder-el-3  el_after_av_one_half  el_before_av_section  avia-builder-el-last  flex_column_div av-zero-column-padding  '     ><p>\n<style type=\"text\/css\" data-created_by=\"avia_inline_auto\" id=\"style-css-av-kd02fw4r-db089230fb7fffe60929d51e3c1517aa\">\n#top .av-special-heading.av-kd02fw4r-db089230fb7fffe60929d51e3c1517aa{\npadding-bottom:15px;\n}\nbody .av-special-heading.av-kd02fw4r-db089230fb7fffe60929d51e3c1517aa .av-special-heading-tag .heading-char{\nfont-size:25px;\n}\n.av-special-heading.av-kd02fw4r-db089230fb7fffe60929d51e3c1517aa .av-subheading{\nfont-size:15px;\n}\n<\/style>\n<div  class='av-special-heading av-kd02fw4r-db089230fb7fffe60929d51e3c1517aa av-special-heading-h1  avia-builder-el-4  el_before_av_textblock  avia-builder-el-first '><h1 class='av-special-heading-tag '  itemprop=\"headline\"  >Das Event<\/h1><div class=\"special-heading-border\"><div class=\"special-heading-inner-border\"><\/div><\/div><\/div><br \/>\n\n<style type=\"text\/css\" data-created_by=\"avia_inline_auto\" id=\"style-css-av-kd02g0x1-bac00b2f78a0376c045133a1f2d18282\">\n#top .av_textblock_section.av-kd02g0x1-bac00b2f78a0376c045133a1f2d18282 .avia_textblock{\nfont-size:18px;\n}\n<\/style>\n<section  class='av_textblock_section av-kd02g0x1-bac00b2f78a0376c045133a1f2d18282 '   itemscope=\"itemscope\" itemtype=\"https:\/\/schema.org\/CreativeWork\" ><div class='avia_textblock'  itemprop=\"text\" ><p>Alles begann 2010 in Cortina d\u2019Ampezzo mit dem Promotion-Abschlag der italienischen Eiskunstl\u00e4uferin Carolina Kostner von der legend\u00e4ren Olympischen Abfahrtspiste im Skigebiet Tofana.<\/p>\n<p>Dabei handelt es sich um ein Einladungsturnier von Seiten der Sponsoren und der Organisation.<\/p>\n<p>72 Spieler, die auf 18 eigens \u201cdesignten\u201d Holes ihre unterschiedlichsten F\u00e4higkeiten pr\u00e4sentieren k\u00f6nnen.<\/p>\n<p>Ein Turnier von h\u00f6chster Originalit\u00e4t, mitrei\u00dfend und spektakul\u00e4r, mit prominenten Gesichtern aus Sport und Unterhaltung, das Publikum unterhaltend und gleichzeitig wichtige kulturelle und soziale Werte vermittelnd \u2013 und dies an den originellsten und popul\u00e4rsten Pl\u00e4tzen der Austragungsorte.<\/p>\n<\/div><\/section><\/p><\/div><\/div><\/div><\/div><!-- close content main div --><\/div><\/div><div id='av_section_1'  class='avia-section av-kd02g7ow-82745cf9607aef1cc51b02e85496a83d alternate_color avia-section-default avia-no-border-styling  avia-builder-el-6  el_after_av_one_half  el_before_av_one_half  avia-bg-style-scroll container_wrap sidebar_right'  ><div class='container av-section-cont-open' ><div class='template-page content  av-content-small alpha units'><div class='post-entry post-entry-type-page post-entry-2084'><div class='entry-content-wrapper clearfix'>\n<div  class='flex_column av-av_one_third-2a9015ff38129c418a3f2eafba3e9512 av_one_third  avia-builder-el-7  el_before_av_one_third  avia-builder-el-first  first flex_column_div  '     ><p>\n<style type=\"text\/css\" data-created_by=\"avia_inline_auto\" id=\"style-css-av-kd02gahj-f032edd8f2b1138f1c80367e3a97da78\">\n#top .av-special-heading.av-kd02gahj-f032edd8f2b1138f1c80367e3a97da78{\npadding-bottom:50px;\n}\nbody .av-special-heading.av-kd02gahj-f032edd8f2b1138f1c80367e3a97da78 .av-special-heading-tag .heading-char{\nfont-size:25px;\n}\n.av-special-heading.av-kd02gahj-f032edd8f2b1138f1c80367e3a97da78 .av-subheading{\nfont-size:15px;\n}\n<\/style>\n<div  class='av-special-heading av-kd02gahj-f032edd8f2b1138f1c80367e3a97da78 av-special-heading-h2  avia-builder-el-8  el_before_av_image  avia-builder-el-first '><h2 class='av-special-heading-tag '  itemprop=\"headline\"  >Die Pr\u00e4sentation<\/h2><div class=\"special-heading-border\"><div class=\"special-heading-inner-border\"><\/div><\/div><\/div><br \/>\n\n<style type=\"text\/css\" data-created_by=\"avia_inline_auto\" id=\"style-css-av-av_image-6c2175e36db7b4e6c4711d4e01282928\">\n.avia-image-container.av-av_image-6c2175e36db7b4e6c4711d4e01282928 img.avia_image{\nbox-shadow:none;\n}\n.avia-image-container.av-av_image-6c2175e36db7b4e6c4711d4e01282928 .av-image-caption-overlay-center{\ncolor:#ffffff;\n}\n<\/style>\n<div  class='avia-image-container av-av_image-6c2175e36db7b4e6c4711d4e01282928 av-styling- avia_animated_image av-animated-when-visible-95 top-to-bottom avia-align-center  avia-builder-el-9  el_after_av_heading  el_before_av_textblock '   itemprop=\"image\" itemscope=\"itemscope\" itemtype=\"https:\/\/schema.org\/ImageObject\" ><div class=\"avia-image-container-inner\"><div class=\"avia-image-overlay-wrap\"><img decoding=\"async\" fetchpriority=\"high\" class='wp-image-10137 avia-img-lazy-loading-not-10137 avia_image ' src=\"https:\/\/www.incitygolf.com\/wp-content\/uploads\/2017\/04\/09-torneo-di-golf-incitygolf-vienna-2017-687x1030.jpg\" alt='' title='09-torneo-di-golf-incitygolf-vienna-2017'  height=\"1030\" width=\"687\"  itemprop=\"thumbnailUrl\" srcset=\"https:\/\/www.incitygolf.com\/wp-content\/uploads\/2017\/04\/09-torneo-di-golf-incitygolf-vienna-2017-687x1030.jpg 687w, https:\/\/www.incitygolf.com\/wp-content\/uploads\/2017\/04\/09-torneo-di-golf-incitygolf-vienna-2017-200x300.jpg 200w, https:\/\/www.incitygolf.com\/wp-content\/uploads\/2017\/04\/09-torneo-di-golf-incitygolf-vienna-2017-768x1152.jpg 768w, https:\/\/www.incitygolf.com\/wp-content\/uploads\/2017\/04\/09-torneo-di-golf-incitygolf-vienna-2017-1000x1500.jpg 1000w, https:\/\/www.incitygolf.com\/wp-content\/uploads\/2017\/04\/09-torneo-di-golf-incitygolf-vienna-2017-470x705.jpg 470w, https:\/\/www.incitygolf.com\/wp-content\/uploads\/2017\/04\/09-torneo-di-golf-incitygolf-vienna-2017-450x675.jpg 450w, https:\/\/www.incitygolf.com\/wp-content\/uploads\/2017\/04\/09-torneo-di-golf-incitygolf-vienna-2017.jpg 1136w\" sizes=\"(max-width: 687px) 100vw, 687px\" \/><\/div><\/div><\/div><br \/>\n\n<style type=\"text\/css\" data-created_by=\"avia_inline_auto\" id=\"style-css-av-av_textblock-34ab98c25efa3b06a3e65f63ca3152b8\">\n#top .av_textblock_section.av-av_textblock-34ab98c25efa3b06a3e65f63ca3152b8 .avia_textblock{\ncolor:#333333;\n}\n<\/style>\n<section  class='av_textblock_section av-av_textblock-34ab98c25efa3b06a3e65f63ca3152b8 '   itemscope=\"itemscope\" itemtype=\"https:\/\/schema.org\/CreativeWork\" ><div class='avia_textblock av_inherit_color'  itemprop=\"text\" ><p>Am Vorabend werden alle Spieler und deren Begleiter bei einem geselligen Treffen begr\u00fc\u00dft. In diesem Rahmen wird der Parcours, das Reglement vorgestellt und die einzelnen Flights eingeteilt.<\/p>\n<\/div><\/section><\/p><\/div>\n<style type=\"text\/css\" data-created_by=\"avia_inline_auto\" id=\"style-css-av-av_one_third-0aa7055fe62c3622faec82866afbaeb2\">\n.flex_column.av-av_one_third-0aa7055fe62c3622faec82866afbaeb2{\nborder-radius:0px 0px 0px 0px;\npadding:0px 0px 0px 0px;\n}\n<\/style>\n<div  class='flex_column av-av_one_third-0aa7055fe62c3622faec82866afbaeb2 av_one_third  avia-builder-el-11  el_after_av_one_third  el_before_av_one_third  flex_column_div av-zero-column-padding  '     ><p>\n<style type=\"text\/css\" data-created_by=\"avia_inline_auto\" id=\"style-css-av-kd02gdcz-a9ac69af9eeefce08404dddcf793cea7\">\n#top .av-special-heading.av-kd02gdcz-a9ac69af9eeefce08404dddcf793cea7{\npadding-bottom:50px;\n}\nbody .av-special-heading.av-kd02gdcz-a9ac69af9eeefce08404dddcf793cea7 .av-special-heading-tag .heading-char{\nfont-size:25px;\n}\n.av-special-heading.av-kd02gdcz-a9ac69af9eeefce08404dddcf793cea7 .av-subheading{\nfont-size:15px;\n}\n<\/style>\n<div  class='av-special-heading av-kd02gdcz-a9ac69af9eeefce08404dddcf793cea7 av-special-heading-h2  avia-builder-el-12  el_before_av_image  avia-builder-el-first '><h2 class='av-special-heading-tag '  itemprop=\"headline\"  >Der Wettbewerb<\/h2><div class=\"special-heading-border\"><div class=\"special-heading-inner-border\"><\/div><\/div><\/div><br \/>\n\n<style type=\"text\/css\" data-created_by=\"avia_inline_auto\" id=\"style-css-av-av_image-f225380a04f3d887e854fce5bc55e77f\">\n.avia-image-container.av-av_image-f225380a04f3d887e854fce5bc55e77f img.avia_image{\nbox-shadow:none;\n}\n.avia-image-container.av-av_image-f225380a04f3d887e854fce5bc55e77f .av-image-caption-overlay-center{\ncolor:#ffffff;\n}\n<\/style>\n<div  class='avia-image-container av-av_image-f225380a04f3d887e854fce5bc55e77f av-styling- avia_animated_image av-animated-when-visible-95 top-to-bottom avia-align-center  avia-builder-el-13  el_after_av_heading  el_before_av_textblock '   itemprop=\"image\" itemscope=\"itemscope\" itemtype=\"https:\/\/schema.org\/ImageObject\" ><div class=\"avia-image-container-inner\"><div class=\"avia-image-overlay-wrap\"><img decoding=\"async\" fetchpriority=\"high\" class='wp-image-10349 avia-img-lazy-loading-not-10349 avia_image ' src=\"https:\/\/www.incitygolf.com\/wp-content\/uploads\/2017\/07\/50-torneo-di-golf-in-city-golf-merano-2017.jpg\" alt='' title='50-torneo-di-golf-in-city-golf-merano-2017'  height=\"683\" width=\"1024\"  itemprop=\"thumbnailUrl\" srcset=\"https:\/\/www.incitygolf.com\/wp-content\/uploads\/2017\/07\/50-torneo-di-golf-in-city-golf-merano-2017.jpg 1024w, https:\/\/www.incitygolf.com\/wp-content\/uploads\/2017\/07\/50-torneo-di-golf-in-city-golf-merano-2017-300x200.jpg 300w, https:\/\/www.incitygolf.com\/wp-content\/uploads\/2017\/07\/50-torneo-di-golf-in-city-golf-merano-2017-768x512.jpg 768w, https:\/\/www.incitygolf.com\/wp-content\/uploads\/2017\/07\/50-torneo-di-golf-in-city-golf-merano-2017-705x470.jpg 705w, https:\/\/www.incitygolf.com\/wp-content\/uploads\/2017\/07\/50-torneo-di-golf-in-city-golf-merano-2017-450x300.jpg 450w\" sizes=\"(max-width: 1024px) 100vw, 1024px\" \/><\/div><\/div><\/div><br \/>\n\n<style type=\"text\/css\" data-created_by=\"avia_inline_auto\" id=\"style-css-av-av_textblock-34ab98c25efa3b06a3e65f63ca3152b8\">\n#top .av_textblock_section.av-av_textblock-34ab98c25efa3b06a3e65f63ca3152b8 .avia_textblock{\ncolor:#333333;\n}\n<\/style>\n<section  class='av_textblock_section av-av_textblock-34ab98c25efa3b06a3e65f63ca3152b8 '   itemscope=\"itemscope\" itemtype=\"https:\/\/schema.org\/CreativeWork\" ><div class='avia_textblock av_inherit_color'  itemprop=\"text\" ><p>Kanonen- Start: alle Teilnehmer starten gleichzeitig an den verschiedenen L\u00f6chern.<\/p>\n<\/div><\/section><\/p><\/div>\n<style type=\"text\/css\" data-created_by=\"avia_inline_auto\" id=\"style-css-av-av_one_third-0aa7055fe62c3622faec82866afbaeb2\">\n.flex_column.av-av_one_third-0aa7055fe62c3622faec82866afbaeb2{\nborder-radius:0px 0px 0px 0px;\npadding:0px 0px 0px 0px;\n}\n<\/style>\n<div  class='flex_column av-av_one_third-0aa7055fe62c3622faec82866afbaeb2 av_one_third  avia-builder-el-15  el_after_av_one_third  avia-builder-el-last  flex_column_div av-zero-column-padding  '     ><p>\n<style type=\"text\/css\" data-created_by=\"avia_inline_auto\" id=\"style-css-av-kd02ggem-bc2befc19531af0e9d142d4ad606b3b8\">\n#top .av-special-heading.av-kd02ggem-bc2befc19531af0e9d142d4ad606b3b8{\npadding-bottom:50px;\n}\nbody .av-special-heading.av-kd02ggem-bc2befc19531af0e9d142d4ad606b3b8 .av-special-heading-tag .heading-char{\nfont-size:25px;\n}\n.av-special-heading.av-kd02ggem-bc2befc19531af0e9d142d4ad606b3b8 .av-subheading{\nfont-size:15px;\n}\n<\/style>\n<div  class='av-special-heading av-kd02ggem-bc2befc19531af0e9d142d4ad606b3b8 av-special-heading-h2  avia-builder-el-16  el_before_av_image  avia-builder-el-first '><h2 class='av-special-heading-tag '  itemprop=\"headline\"  >Die Preise<\/h2><div class=\"special-heading-border\"><div class=\"special-heading-inner-border\"><\/div><\/div><\/div><br \/>\n\n<style type=\"text\/css\" data-created_by=\"avia_inline_auto\" id=\"style-css-av-av_image-b387c06ca5cc934b2fc4ffbbd066cb42\">\n.avia-image-container.av-av_image-b387c06ca5cc934b2fc4ffbbd066cb42 img.avia_image{\nbox-shadow:none;\n}\n.avia-image-container.av-av_image-b387c06ca5cc934b2fc4ffbbd066cb42 .av-image-caption-overlay-center{\ncolor:#ffffff;\n}\n<\/style>\n<div  class='avia-image-container av-av_image-b387c06ca5cc934b2fc4ffbbd066cb42 av-styling- avia_animated_image av-animated-when-visible-95 top-to-bottom avia-align-center  avia-builder-el-17  el_after_av_heading  el_before_av_textblock '   itemprop=\"image\" itemscope=\"itemscope\" itemtype=\"https:\/\/schema.org\/ImageObject\" ><div class=\"avia-image-container-inner\"><div class=\"avia-image-overlay-wrap\"><img decoding=\"async\" fetchpriority=\"high\" class='wp-image-10557 avia-img-lazy-loading-not-10557 avia_image ' src=\"https:\/\/www.incitygolf.com\/wp-content\/uploads\/2014\/01\/incitygolf-premiazioni.jpg\" alt='' title='incitygolf-premiazioni'  height=\"695\" width=\"800\"  itemprop=\"thumbnailUrl\" srcset=\"https:\/\/www.incitygolf.com\/wp-content\/uploads\/2014\/01\/incitygolf-premiazioni.jpg 800w, https:\/\/www.incitygolf.com\/wp-content\/uploads\/2014\/01\/incitygolf-premiazioni-300x261.jpg 300w, https:\/\/www.incitygolf.com\/wp-content\/uploads\/2014\/01\/incitygolf-premiazioni-768x667.jpg 768w, https:\/\/www.incitygolf.com\/wp-content\/uploads\/2014\/01\/incitygolf-premiazioni-705x612.jpg 705w, https:\/\/www.incitygolf.com\/wp-content\/uploads\/2014\/01\/incitygolf-premiazioni-450x391.jpg 450w\" sizes=\"(max-width: 800px) 100vw, 800px\" \/><\/div><\/div><\/div><br \/>\n\n<style type=\"text\/css\" data-created_by=\"avia_inline_auto\" id=\"style-css-av-av_textblock-34ab98c25efa3b06a3e65f63ca3152b8\">\n#top .av_textblock_section.av-av_textblock-34ab98c25efa3b06a3e65f63ca3152b8 .avia_textblock{\ncolor:#333333;\n}\n<\/style>\n<section  class='av_textblock_section av-av_textblock-34ab98c25efa3b06a3e65f63ca3152b8 '   itemscope=\"itemscope\" itemtype=\"https:\/\/schema.org\/CreativeWork\" ><div class='avia_textblock av_inherit_color'  itemprop=\"text\" ><p>18 Preise, pro Loch je ein Gewinner. Bei Gleichstand wird der Gewinner des Holes durch einen Wettbewerbs-Putt im Rahmen des Gala Dinners ermittelt. Alle 18 Preise werden danach an die Gewinner einzeln \u00fcberreicht.<\/p>\n<p>Beispiel f\u00fcr einen Parcours in der historischen Altstadt von Florenz<\/p>\n<\/div><\/section><\/p><\/div><\/div><\/div><\/div><!-- close content main div --><\/div><\/div><div id='after_section_1'  class='main_color av_default_container_wrap container_wrap sidebar_right'  ><div class='container av-section-cont-open' ><div class='template-page content  av-content-small alpha units'><div class='post-entry post-entry-type-page post-entry-2084'><div class='entry-content-wrapper clearfix'><div  class='flex_column av-av_one_half-2a9015ff38129c418a3f2eafba3e9512 av_one_half  avia-builder-el-19  el_after_av_section  el_before_av_one_half  avia-builder-el-first  first flex_column_div  '     ><style type=\"text\/css\" data-created_by=\"avia_inline_auto\" id=\"style-css-av-av_gallery-2c63b5688bab7cddc2e03587e7ce731a\">\n#top .avia-gallery.av-av_gallery-2c63b5688bab7cddc2e03587e7ce731a .avia-gallery-thumb a{\nwidth:100%;\n}\n<\/style>\n<div  class='avia-gallery av-av_gallery-2c63b5688bab7cddc2e03587e7ce731a avia_animate_when_visible  avia-builder-el-20  el_before_av_textblock  avia-builder-el-first  avia_lazyload avia-gallery-animate avia-gallery-1'  itemprop=\"image\" itemscope=\"itemscope\" itemtype=\"https:\/\/schema.org\/ImageObject\" ><meta itemprop=\"contentURL\" content=\"https:\/\/www.incitygolf.com\/de\/das-event\/\"><div class='avia-gallery-thumb'><a href=\"https:\/\/www.incitygolf.com\/wp-content\/uploads\/2014\/01\/Firenze-piantina.jpg\" data-srcset=\"https:\/\/www.incitygolf.com\/wp-content\/uploads\/2014\/01\/Firenze-piantina.jpg 1000w, https:\/\/www.incitygolf.com\/wp-content\/uploads\/2014\/01\/Firenze-piantina-300x227.jpg 300w, https:\/\/www.incitygolf.com\/wp-content\/uploads\/2014\/01\/Firenze-piantina-705x533.jpg 705w, https:\/\/www.incitygolf.com\/wp-content\/uploads\/2014\/01\/Firenze-piantina-450x340.jpg 450w\" data-sizes=\"(max-width: 1000px) 100vw, 1000px\" data-rel='gallery-1' data-prev-img='https:\/\/www.incitygolf.com\/wp-content\/uploads\/2014\/01\/Firenze-piantina.jpg' class='first_thumb lightbox ' data-onclick='1' title='Firenze-piantina'  itemprop=\"thumbnailUrl\"  ><img decoding=\"async\" fetchpriority=\"high\" class=\"wp-image-8622 avia-img-lazy-loading-not-8622\"   src=\"https:\/\/www.incitygolf.com\/wp-content\/uploads\/2014\/01\/Firenze-piantina.jpg\" width=\"1000\" height=\"757\"  title='Firenze-piantina' alt='' srcset=\"https:\/\/www.incitygolf.com\/wp-content\/uploads\/2014\/01\/Firenze-piantina.jpg 1000w, https:\/\/www.incitygolf.com\/wp-content\/uploads\/2014\/01\/Firenze-piantina-300x227.jpg 300w, https:\/\/www.incitygolf.com\/wp-content\/uploads\/2014\/01\/Firenze-piantina-705x533.jpg 705w, https:\/\/www.incitygolf.com\/wp-content\/uploads\/2014\/01\/Firenze-piantina-450x340.jpg 450w\" sizes=\"(max-width: 1000px) 100vw, 1000px\" \/><div class='big-prev-fake'><img decoding=\"async\" loading=\"lazy\" class=\"wp-image-8622 avia-img-lazy-loading-8622\"  width=\"1000\" height=\"757\" src=\"https:\/\/www.incitygolf.com\/wp-content\/uploads\/2014\/01\/Firenze-piantina.jpg\" title='Firenze-piantina' alt='' srcset=\"https:\/\/www.incitygolf.com\/wp-content\/uploads\/2014\/01\/Firenze-piantina.jpg 1000w, https:\/\/www.incitygolf.com\/wp-content\/uploads\/2014\/01\/Firenze-piantina-300x227.jpg 300w, https:\/\/www.incitygolf.com\/wp-content\/uploads\/2014\/01\/Firenze-piantina-705x533.jpg 705w, https:\/\/www.incitygolf.com\/wp-content\/uploads\/2014\/01\/Firenze-piantina-450x340.jpg 450w\" sizes=\"auto, (max-width: 1000px) 100vw, 1000px\" \/><\/div><\/a><\/div><\/div>\n<section  class='av_textblock_section av-av_textblock-aaf3a53f7e22769a7798f31e42769683 '   itemscope=\"itemscope\" itemtype=\"https:\/\/schema.org\/CreativeWork\" ><div class='avia_textblock'  itemprop=\"text\" ><p>Esempio di un percorso organizzato nel centro storico di Firenze<\/p>\n<\/div><\/section><\/div><\/p>\n\n<style type=\"text\/css\" data-created_by=\"avia_inline_auto\" id=\"style-css-av-av_one_half-0aa7055fe62c3622faec82866afbaeb2\">\n.flex_column.av-av_one_half-0aa7055fe62c3622faec82866afbaeb2{\nborder-radius:0px 0px 0px 0px;\npadding:0px 0px 0px 0px;\n}\n<\/style>\n<div  class='flex_column av-av_one_half-0aa7055fe62c3622faec82866afbaeb2 av_one_half  avia-builder-el-22  el_after_av_one_half  avia-builder-el-last  flex_column_div av-zero-column-padding  '     ><style type=\"text\/css\" data-created_by=\"avia_inline_auto\" id=\"style-css-av-kd02h3t6-862f1296b1e6a7b311c9e603fc1cfed8\">\n#top .avia-icon-list-container.av-kd02h3t6-862f1296b1e6a7b311c9e603fc1cfed8 .iconlist_icon{\ncolor:#cfbc7c;\nbackground-color:#333333;\nborder:1px solid #333333;\n}\n#top .avia-icon-list-container.av-kd02h3t6-862f1296b1e6a7b311c9e603fc1cfed8 .iconlist_icon svg:first-child{\nstroke:#cfbc7c;\nfill:#cfbc7c;\n}\n<\/style>\n<div  class='avia-icon-list-container av-kd02h3t6-862f1296b1e6a7b311c9e603fc1cfed8  avia-builder-el-23  avia-builder-el-no-sibling '><ul class='avia-icon-list avia_animate_when_almost_visible avia-icon-list-left av-iconlist-big av-kd02h3t6-862f1296b1e6a7b311c9e603fc1cfed8 avia-iconlist-animate'>\n<li><div class='iconlist_icon av-av_iconlist_item-69913ce45d801be4f0aea8977ea496b9 avia-font-maki avia-iconfont avia-font-maki'><span class='av-icon-char' data-av_icon='\ue800' data-av_iconfont='maki' aria-hidden=\"true\"><\/span><\/div><article class=\"article-icon-entry \"  itemscope=\"itemscope\" itemtype=\"https:\/\/schema.org\/CreativeWork\" ><div class=\"iconlist_content_wrap\"><header class=\"entry-content-header\" aria-label=\"Icon: Der Parcours\"><h4 class='av_iconlist_title iconlist_title  '  itemprop=\"headline\" >Der Parcours<\/h4><\/header><div class='iconlist_content '  itemprop=\"text\" ><p style=\"text-align: justify;\">Jeder Austragungsort mit einem anderen Parcours, welcher ber\u00fchmte Denkm\u00e4ler, historische Pl\u00e4tze, exklusive G\u00e4rten, Sportst\u00e4tten wie das Olympia-Eisstadion von Cortina, aber auch weltbekannte Design-Outlets einbezieht.<\/p>\n<p style=\"text-align: justify;\">(siehe Karte von Florenz)<\/p>\n<\/div><\/div><footer class=\"entry-footer\"><\/footer><\/article><div class=\"iconlist-timeline\"><\/div><\/li>\n<li><div class='iconlist_icon av-av_iconlist_item-292f79693acdf2879b3a2167068b8d3d avia-font-entypo-fontello avia-iconfont avia-font-entypo-fontello'><span class='av-icon-char' data-av_icon='\ue80a' data-av_iconfont='entypo-fontello' aria-hidden=\"true\"><\/span><\/div><article class=\"article-icon-entry \"  itemscope=\"itemscope\" itemtype=\"https:\/\/schema.org\/CreativeWork\" ><div class=\"iconlist_content_wrap\"><header class=\"entry-content-header\" aria-label=\"Icon: Unsere Testimonials\"><h4 class='av_iconlist_title iconlist_title  '  itemprop=\"headline\" >Unsere Testimonials<\/h4><\/header><div class='iconlist_content '  itemprop=\"text\" ><p style=\"text-align: justify;\"><span style=\"line-height: 1.5em;\">An jeder Ausgabe von In City Golf nehmen bekannte Gesichter aus Unterhaltung und Sport teil, vom Champion der European Tour Lorenzo Gagli beim letzten In City Golf Florenz bis hin zu <\/span><a style=\"line-height: 1.5em;\" href=\"http:\/\/www.giuliasergas.com\" target=\"_blank\" rel=\"noopener noreferrer\">Giulia Sergas<\/a><span style=\"line-height: 1.5em;\">, Protagonistin des spektakul\u00e4ren Promotion-Abschlags vom Arnolfo-Turm des Palazzo Vecchio 2012.<\/span><\/p>\n<\/div><\/div><footer class=\"entry-footer\"><\/footer><\/article><div class=\"iconlist-timeline\"><\/div><\/li>\n<li><div class='iconlist_icon av-av_iconlist_item-e9554aac545d0d174b28c6c3a3ffa647 avia-font-entypo-fontello avia-iconfont avia-font-entypo-fontello'><span class='av-icon-char' data-av_icon='\ue826' data-av_iconfont='entypo-fontello' aria-hidden=\"true\"><\/span><\/div><article class=\"article-icon-entry \"  itemscope=\"itemscope\" itemtype=\"https:\/\/schema.org\/CreativeWork\" ><div class=\"iconlist_content_wrap\"><header class=\"entry-content-header\" aria-label=\"Icon: Die Partner\"><h4 class='av_iconlist_title iconlist_title  '  itemprop=\"headline\" >Die Partner<\/h4><\/header><div class='iconlist_content '  itemprop=\"text\" ><p style=\"text-align: justify;\">Eine Veranstaltung, wo Sponsoren durch ihre Produkte zu Protagonisten werden.<\/p>\n<p style=\"text-align: justify;\">Das Event bietet viele M\u00f6glichkeiten: die Verwendung der Produkte zur direkten Gestaltung des sponsorisierten Holes, die Einrichtung einer Sponsorenecke anl\u00e4sslich des Pr\u00e4sentationsabends oder der Preisverleihung beim Galadinner, oder aber auch mit der Ausstellung in der VIP Lounge.<\/p>\n<p style=\"text-align: justify;\">Zudem wird den Sponsoren die M\u00f6glichkeit geboten, das sponsorisierte Hole auch im eigenen Showroom oder dem Firmensitz f\u00fcr Werbezwecke nachzubilden.<\/p>\n<\/div><\/div><footer class=\"entry-footer\"><\/footer><\/article><div class=\"iconlist-timeline\"><\/div><\/li>\n<\/ul><\/div><\/div>\n","protected":false},"excerpt":{"rendered":"","protected":false},"author":5,"featured_media":0,"parent":0,"menu_order":0,"comment_status":"open","ping_status":"open","template":"","meta":{"footnotes":""},"class_list":["post-2084","page","type-page","status-publish","hentry"],"_links":{"self":[{"href":"https:\/\/www.incitygolf.com\/de\/wp-json\/wp\/v2\/pages\/2084","targetHints":{"allow":["GET"]}}],"collection":[{"href":"https:\/\/www.incitygolf.com\/de\/wp-json\/wp\/v2\/pages"}],"about":[{"href":"https:\/\/www.incitygolf.com\/de\/wp-json\/wp\/v2\/types\/page"}],"author":[{"embeddable":true,"href":"https:\/\/www.incitygolf.com\/de\/wp-json\/wp\/v2\/users\/5"}],"replies":[{"embeddable":true,"href":"https:\/\/www.incitygolf.com\/de\/wp-json\/wp\/v2\/comments?post=2084"}],"version-history":[{"count":8,"href":"https:\/\/www.incitygolf.com\/de\/wp-json\/wp\/v2\/pages\/2084\/revisions"}],"predecessor-version":[{"id":11034,"href":"https:\/\/www.incitygolf.com\/de\/wp-json\/wp\/v2\/pages\/2084\/revisions\/11034"}],"wp:attachment":[{"href":"https:\/\/www.incitygolf.com\/de\/wp-json\/wp\/v2\/media?parent=2084"}],"curies":[{"name":"wp","href":"https:\/\/api.w.org\/{rel}","templated":true}]}}