{"id":3141,"date":"2015-09-14T12:32:13","date_gmt":"2015-09-14T10:32:13","guid":{"rendered":"https:\/\/www.incitygolf.com\/golf-club-kitzbu%cc%88hel-schwarzsee-2\/"},"modified":"2015-09-14T15:12:38","modified_gmt":"2015-09-14T13:12:38","slug":"golf-club-kitzbu%cc%88hel-schwarzsee","status":"publish","type":"page","link":"https:\/\/www.incitygolf.com\/de\/golf-club-kitzbu%cc%88hel-schwarzsee\/","title":{"rendered":"Golf Club Kitzb\u00fchel &#8211; Schwarzsee"},"content":{"rendered":"\n<style type=\"text\/css\" data-created_by=\"avia_inline_auto\" id=\"style-css-av-av_heading-75baa6a2153422f7434e419b9b9c7362\">\n#top .av-special-heading.av-av_heading-75baa6a2153422f7434e419b9b9c7362{\npadding-bottom:10px;\n}\nbody .av-special-heading.av-av_heading-75baa6a2153422f7434e419b9b9c7362 .av-special-heading-tag .heading-char{\nfont-size:25px;\n}\n.av-special-heading.av-av_heading-75baa6a2153422f7434e419b9b9c7362 .av-subheading{\nfont-size:15px;\n}\n<\/style>\n<div  class='av-special-heading av-av_heading-75baa6a2153422f7434e419b9b9c7362 av-special-heading-h2  avia-builder-el-0  el_before_av_slideshow  avia-builder-el-first '><h2 class='av-special-heading-tag '  itemprop=\"headline\"  >GOLF CLUB KITZB\u00dcHEL &#8211; SCHWARZSEE<\/h2><div class=\"special-heading-border\"><div class=\"special-heading-inner-border\"><\/div><\/div><\/div>\n<div  class='avia-slideshow av-av_slideshow-81a8a14a25624a7d9a2a1663e384be81 avia-slideshow-gallery av_slideshow avia-slide-slider  avia-builder-el-1  el_after_av_heading  el_before_av_textblock  av-slideshow-ui av-control-default av-slideshow-manual av-loop-once av-loop-manual-endless av-default-height-applied avia-slideshow-1' data-slideshow-options=\"{&quot;animation&quot;:&quot;slide&quot;,&quot;autoplay&quot;:false,&quot;loop_autoplay&quot;:&quot;once&quot;,&quot;interval&quot;:5,&quot;loop_manual&quot;:&quot;manual-endless&quot;,&quot;autoplay_stopper&quot;:false,&quot;noNavigation&quot;:false,&quot;bg_slider&quot;:false,&quot;keep_padding&quot;:false,&quot;hoverpause&quot;:false,&quot;show_slide_delay&quot;:0}\"  itemprop=\"image\" itemscope=\"itemscope\" itemtype=\"https:\/\/schema.org\/ImageObject\" ><ul class='avia-slideshow-inner ' style='padding-bottom: 66.666666666667%;'><li  class='avia-slideshow-slide av-av_slideshow-81a8a14a25624a7d9a2a1663e384be81__0  slide-1 slide-odd'><div data-rel='slideshow-1' class='avia-slide-wrap '   ><img decoding=\"async\" fetchpriority=\"high\" class=\"wp-image-9621 avia-img-lazy-loading-not-9621\"  src=\"https:\/\/www.incitygolf.com\/wp-content\/uploads\/2015\/09\/Michael_Werlberger-clubhaus-1.jpg\" width=\"600\" height=\"400\" title='Golfshooting Golfclub Schwarzsee 2014' alt=''  itemprop=\"thumbnailUrl\" srcset=\"https:\/\/www.incitygolf.com\/wp-content\/uploads\/2015\/09\/Michael_Werlberger-clubhaus-1.jpg 600w, https:\/\/www.incitygolf.com\/wp-content\/uploads\/2015\/09\/Michael_Werlberger-clubhaus-1-300x200.jpg 300w, https:\/\/www.incitygolf.com\/wp-content\/uploads\/2015\/09\/Michael_Werlberger-clubhaus-1-450x300.jpg 450w\" sizes=\"(max-width: 600px) 100vw, 600px\" \/><\/div><\/li><li  class='avia-slideshow-slide av-av_slideshow-81a8a14a25624a7d9a2a1663e384be81__1  slide-2 slide-even'><div data-rel='slideshow-1' class='avia-slide-wrap '   ><img decoding=\"async\" fetchpriority=\"high\" class=\"wp-image-9623 avia-img-lazy-loading-not-9623\"  src=\"https:\/\/www.incitygolf.com\/wp-content\/uploads\/2015\/09\/Michael_Werlberger-golfplatz1-1.jpg\" width=\"600\" height=\"400\" title='Golfshooting Golfclub Schwarzsee 2014' alt=''  itemprop=\"thumbnailUrl\" srcset=\"https:\/\/www.incitygolf.com\/wp-content\/uploads\/2015\/09\/Michael_Werlberger-golfplatz1-1.jpg 600w, https:\/\/www.incitygolf.com\/wp-content\/uploads\/2015\/09\/Michael_Werlberger-golfplatz1-1-300x200.jpg 300w, https:\/\/www.incitygolf.com\/wp-content\/uploads\/2015\/09\/Michael_Werlberger-golfplatz1-1-450x300.jpg 450w\" sizes=\"(max-width: 600px) 100vw, 600px\" \/><\/div><\/li><li  class='avia-slideshow-slide av-av_slideshow-81a8a14a25624a7d9a2a1663e384be81__2  slide-3 slide-odd'><div data-rel='slideshow-1' class='avia-slide-wrap '   ><img decoding=\"async\" fetchpriority=\"high\" class=\"wp-image-9625 avia-img-lazy-loading-not-9625\"  src=\"https:\/\/www.incitygolf.com\/wp-content\/uploads\/2015\/09\/Michael_Werlbergergolfplatz2-1.jpg\" width=\"600\" height=\"400\" title='Golfshooting Golfclub Schwarzsee 2014' alt=''  itemprop=\"thumbnailUrl\" srcset=\"https:\/\/www.incitygolf.com\/wp-content\/uploads\/2015\/09\/Michael_Werlbergergolfplatz2-1.jpg 600w, https:\/\/www.incitygolf.com\/wp-content\/uploads\/2015\/09\/Michael_Werlbergergolfplatz2-1-300x200.jpg 300w, https:\/\/www.incitygolf.com\/wp-content\/uploads\/2015\/09\/Michael_Werlbergergolfplatz2-1-450x300.jpg 450w\" sizes=\"(max-width: 600px) 100vw, 600px\" \/><\/div><\/li><\/ul><div class='avia-slideshow-arrows avia-slideshow-controls' ><a href='#prev' class='prev-slide  avia-svg-icon avia-font-svg_entypo-fontello' data-av_svg_icon='left-open-big' data-av_iconset='svg_entypo-fontello' tabindex='-1' title=\"Zur\u00fcck\"><svg version=\"1.1\" xmlns=\"http:\/\/www.w3.org\/2000\/svg\" width=\"15\" height=\"32\" viewBox=\"0 0 15 32\" preserveAspectRatio=\"xMidYMid meet\" aria-labelledby='av-svg-title-1' aria-describedby='av-svg-desc-1' role=\"graphics-symbol\" aria-hidden=\"true\">\n<title id='av-svg-title-1'>Zur\u00fcck<\/title>\n<desc id='av-svg-desc-1'>Zur\u00fcck<\/desc>\n<path d=\"M14.464 27.84q0.832 0.832 0 1.536-0.832 0.832-1.536 0l-12.544-12.608q-0.768-0.768 0-1.6l12.544-12.608q0.704-0.832 1.536 0 0.832 0.704 0 1.536l-11.456 11.904z\"><\/path>\n<\/svg><span class='avia_hidden_link_text'>Zur\u00fcck<\/span><\/a><a href='#next' class='next-slide  avia-svg-icon avia-font-svg_entypo-fontello' data-av_svg_icon='right-open-big' data-av_iconset='svg_entypo-fontello' tabindex='-1' title=\"Weiter\"><svg version=\"1.1\" xmlns=\"http:\/\/www.w3.org\/2000\/svg\" width=\"15\" height=\"32\" viewBox=\"0 0 15 32\" preserveAspectRatio=\"xMidYMid meet\" aria-labelledby='av-svg-title-2' aria-describedby='av-svg-desc-2' role=\"graphics-symbol\" aria-hidden=\"true\">\n<title id='av-svg-title-2'>Weiter<\/title>\n<desc id='av-svg-desc-2'>Weiter<\/desc>\n<path d=\"M0.416 27.84l11.456-11.84-11.456-11.904q-0.832-0.832 0-1.536 0.832-0.832 1.536 0l12.544 12.608q0.768 0.832 0 1.6l-12.544 12.608q-0.704 0.832-1.536 0-0.832-0.704 0-1.536z\"><\/path>\n<\/svg><span class='avia_hidden_link_text'>Weiter<\/span><\/a><\/div><div class='avia-slideshow-dots avia-slideshow-controls'><a href='#1' class='goto-slide active' >1<\/a><a href='#2' class='goto-slide ' >2<\/a><a href='#3' class='goto-slide ' >3<\/a><\/div><\/div>\n<section  class='av_textblock_section av-av_textblock-aaf3a53f7e22769a7798f31e42769683 '   itemscope=\"itemscope\" itemtype=\"https:\/\/schema.org\/CreativeWork\" ><div class='avia_textblock'  itemprop=\"text\" ><p>Genie\u00dfen Sie das einzigartige Panorama mit Blick auf den Wilden Kaiser, das Kitzb\u00fchler Horn sowie den legend\u00e4ren Hahnenkamm \u2013 Austragungsort des spektakul\u00e4rsten Skirennens der Welt!<\/p>\n<p>Der Golfclub Schwarzsee bietet mit seinen abwechslungsreichen Fairways, Wasserhindernissen und dem ausgewogenen Terrain ein traumhaftes Golfvergn\u00fcgen f\u00fcr alle Spielklassen. Lassen Sie Ihre Golfrunde auf unserer gro\u00dfz\u00fcgigen Sonnenterrasse ausklingen und sich von unseren Wirtsleuten mit K\u00f6stlichkeiten aus der Region verw\u00f6hnen.<\/p>\n<p>In diesem Sinne, w\u00fcnschen Wir Ihnen ein sch\u00f6nes Spiel und viele erholsame Stunden am Golfplatz Kitzb\u00fchel Schwarzsee!<\/p>\n<\/div><\/section>\n<div  class='flex_column av-av_one_half-2a9015ff38129c418a3f2eafba3e9512 av_one_half  avia-builder-el-3  el_after_av_textblock  el_before_av_one_half  first flex_column_div  column-top-margin'     ><style type=\"text\/css\" data-created_by=\"avia_inline_auto\" id=\"style-css-av-av_image-c606846f21392aeb94e806edb2b12d3f\">\n.avia-image-container.av-av_image-c606846f21392aeb94e806edb2b12d3f img.avia_image{\nbox-shadow:none;\n}\n.avia-image-container.av-av_image-c606846f21392aeb94e806edb2b12d3f .av-image-caption-overlay-center{\ncolor:#ffffff;\n}\n<\/style>\n<div  class='avia-image-container av-av_image-c606846f21392aeb94e806edb2b12d3f av-styling- avia-align-left  avia-builder-el-4  avia-builder-el-no-sibling '   itemprop=\"image\" itemscope=\"itemscope\" itemtype=\"https:\/\/schema.org\/ImageObject\" ><div class=\"avia-image-container-inner\"><div class=\"avia-image-overlay-wrap\"><img decoding=\"async\" fetchpriority=\"high\" class='wp-image-9607 avia-img-lazy-loading-not-9607 avia_image ' src=\"https:\/\/www.incitygolf.com\/wp-content\/uploads\/2015\/09\/golf-club-schwarzsee-300-300x300.jpg\" alt='' title='golf-club-schwarzsee-300'  height=\"300\" width=\"300\"  itemprop=\"thumbnailUrl\" srcset=\"https:\/\/www.incitygolf.com\/wp-content\/uploads\/2015\/09\/golf-club-schwarzsee-300.jpg 300w, https:\/\/www.incitygolf.com\/wp-content\/uploads\/2015\/09\/golf-club-schwarzsee-300-80x80.jpg 80w, https:\/\/www.incitygolf.com\/wp-content\/uploads\/2015\/09\/golf-club-schwarzsee-300-36x36.jpg 36w, https:\/\/www.incitygolf.com\/wp-content\/uploads\/2015\/09\/golf-club-schwarzsee-300-180x180.jpg 180w, https:\/\/www.incitygolf.com\/wp-content\/uploads\/2015\/09\/golf-club-schwarzsee-300-120x120.jpg 120w\" sizes=\"(max-width: 300px) 100vw, 300px\" \/><\/div><\/div><\/div><\/div>\n<div  class='flex_column av-av_one_half-1c47c10d9dd6b9bc0b68f292c1cf5942 av_one_half  avia-builder-el-5  el_after_av_one_half  avia-builder-el-last  flex_column_div  column-top-margin'     ><div  class='avia-icon-list-container av-av_iconlist-e4a0ebdf966f1bea8883e87bb95dffd6  avia-builder-el-6  avia-builder-el-no-sibling '><ul class='avia-icon-list avia_animate_when_almost_visible avia-icon-list-left av-iconlist-big av-av_iconlist-e4a0ebdf966f1bea8883e87bb95dffd6 avia-iconlist-animate'>\n<li><div class='iconlist_icon av-av_iconlist_item-18e7e0e2e25c96b1359312edd1a4946f avia-font-entypo-fontello avia-iconfont avia-font-entypo-fontello'><span class='av-icon-char' data-av_icon='\ue821' data-av_iconfont='entypo-fontello' aria-hidden=\"true\"><\/span><\/div><article class=\"article-icon-entry \"  itemscope=\"itemscope\" itemtype=\"https:\/\/schema.org\/CreativeWork\" ><div class=\"iconlist_content_wrap\"><header class=\"entry-content-header\" aria-label=\"Icon: Golf Club Kitzb\u00fchel - Schwarzsee\"><h4 class='av_iconlist_title iconlist_title  '  itemprop=\"headline\" >Golf Club Kitzb\u00fchel - Schwarzsee<\/h4><\/header><div class='iconlist_content '  itemprop=\"text\" ><p>Golfweg-Schwarzsee 35<br \/>\n6370 Kitzb\u00fchel AUSTRIA<br \/>\nT +43 5356 6666070<br \/>\nwww.kitzbuehel.com\/golfschwarzsee\/<\/p>\n<\/div><\/div><footer class=\"entry-footer\"><\/footer><\/article><div class=\"iconlist-timeline\"><\/div><\/li>\n<li><div class='iconlist_icon av-av_iconlist_item-042abc7093790d1d03eb5c5ad65fb921 avia-font-entypo-fontello avia-iconfont avia-font-entypo-fontello'><span class='av-icon-char' data-av_icon='\ue8f5' data-av_iconfont='entypo-fontello' aria-hidden=\"true\"><\/span><\/div><article class=\"article-icon-entry \"  itemscope=\"itemscope\" itemtype=\"https:\/\/schema.org\/CreativeWork\" ><div class=\"iconlist_content_wrap\"><header class=\"entry-content-header\" aria-label=\"Icon: &lt;a href=&#039;https:\/\/www.facebook.com\/ gcschwarzsee?fref=ts&#039; title=&#039;Facebook&#039;&gt;Facebook&lt;\/a&gt;\"><h4 class='av_iconlist_title iconlist_title  '  itemprop=\"headline\" ><a href='https:\/\/www.facebook.com\/ gcschwarzsee?fref=ts' title='Facebook'>Facebook<\/a><\/h4><\/header><div class='iconlist_content '  itemprop=\"text\" ><p>Seguici sulla nostra fanpage!<\/p>\n<\/div><\/div><footer class=\"entry-footer\"><\/footer><\/article><div class=\"iconlist-timeline\"><\/div><\/li>\n<\/ul><\/div><\/div>\n","protected":false},"excerpt":{"rendered":"","protected":false},"author":5,"featured_media":0,"parent":0,"menu_order":0,"comment_status":"closed","ping_status":"closed","template":"","meta":{"footnotes":""},"class_list":["post-3141","page","type-page","status-publish","hentry"],"_links":{"self":[{"href":"https:\/\/www.incitygolf.com\/de\/wp-json\/wp\/v2\/pages\/3141","targetHints":{"allow":["GET"]}}],"collection":[{"href":"https:\/\/www.incitygolf.com\/de\/wp-json\/wp\/v2\/pages"}],"about":[{"href":"https:\/\/www.incitygolf.com\/de\/wp-json\/wp\/v2\/types\/page"}],"author":[{"embeddable":true,"href":"https:\/\/www.incitygolf.com\/de\/wp-json\/wp\/v2\/users\/5"}],"replies":[{"embeddable":true,"href":"https:\/\/www.incitygolf.com\/de\/wp-json\/wp\/v2\/comments?post=3141"}],"version-history":[{"count":1,"href":"https:\/\/www.incitygolf.com\/de\/wp-json\/wp\/v2\/pages\/3141\/revisions"}],"predecessor-version":[{"id":3143,"href":"https:\/\/www.incitygolf.com\/de\/wp-json\/wp\/v2\/pages\/3141\/revisions\/3143"}],"wp:attachment":[{"href":"https:\/\/www.incitygolf.com\/de\/wp-json\/wp\/v2\/media?parent=3141"}],"curies":[{"name":"wp","href":"https:\/\/api.w.org\/{rel}","templated":true}]}}