{"id":3358,"date":"2015-12-14T09:20:13","date_gmt":"2015-12-14T08:20:13","guid":{"rendered":"https:\/\/www.incitygolf.com\/?page_id=3358"},"modified":"2015-12-14T11:10:49","modified_gmt":"2015-12-14T10:10:49","slug":"miro-dental-medical-center-3","status":"publish","type":"page","link":"https:\/\/www.incitygolf.com\/de\/miro-dental-medical-center-3\/","title":{"rendered":"Mir\u00f2 Dental Medical Center"},"content":{"rendered":"\n<style type=\"text\/css\" data-created_by=\"avia_inline_auto\" id=\"style-css-av-av_heading-de2d7b574d9612370dcd3e820cb8b5df\">\n#top .av-special-heading.av-av_heading-de2d7b574d9612370dcd3e820cb8b5df{\npadding-bottom:10px;\n}\nbody .av-special-heading.av-av_heading-de2d7b574d9612370dcd3e820cb8b5df .av-special-heading-tag .heading-char{\nfont-size:25px;\n}\n.av-special-heading.av-av_heading-de2d7b574d9612370dcd3e820cb8b5df .av-subheading{\nfont-size:15px;\n}\n<\/style>\n<div  class='av-special-heading av-av_heading-de2d7b574d9612370dcd3e820cb8b5df av-special-heading-h2  avia-builder-el-0  el_before_av_image  avia-builder-el-first '><h2 class='av-special-heading-tag '  itemprop=\"headline\"  >Mir\u00f2 Dental Medical Center<\/h2><div class=\"special-heading-border\"><div class=\"special-heading-inner-border\"><\/div><\/div><\/div>\n\n<style type=\"text\/css\" data-created_by=\"avia_inline_auto\" id=\"style-css-av-av_image-b07ba631932eccc8065ba5e319bf52cf\">\n.avia-image-container.av-av_image-b07ba631932eccc8065ba5e319bf52cf img.avia_image{\nbox-shadow:none;\n}\n.avia-image-container.av-av_image-b07ba631932eccc8065ba5e319bf52cf .av-image-caption-overlay-center{\ncolor:#ffffff;\n}\n<\/style>\n<div  class='avia-image-container av-av_image-b07ba631932eccc8065ba5e319bf52cf av-styling- avia-align-center  avia-builder-el-1  el_after_av_heading  el_before_av_textblock '   itemprop=\"image\" itemscope=\"itemscope\" itemtype=\"https:\/\/schema.org\/ImageObject\" ><div class=\"avia-image-container-inner\"><div class=\"avia-image-overlay-wrap\"><img decoding=\"async\" fetchpriority=\"high\" class='wp-image-9665 avia-img-lazy-loading-not-9665 avia_image ' src=\"https:\/\/www.incitygolf.com\/wp-content\/uploads\/2015\/12\/logo-miro-big.jpg\" alt='' title='logo-miro-big'  height=\"500\" width=\"1000\"  itemprop=\"thumbnailUrl\" srcset=\"https:\/\/www.incitygolf.com\/wp-content\/uploads\/2015\/12\/logo-miro-big.jpg 1000w, https:\/\/www.incitygolf.com\/wp-content\/uploads\/2015\/12\/logo-miro-big-300x150.jpg 300w, https:\/\/www.incitygolf.com\/wp-content\/uploads\/2015\/12\/logo-miro-big-705x352.jpg 705w, https:\/\/www.incitygolf.com\/wp-content\/uploads\/2015\/12\/logo-miro-big-450x225.jpg 450w\" sizes=\"(max-width: 1000px) 100vw, 1000px\" \/><\/div><\/div><\/div>\n<section  class='av_textblock_section av-av_textblock-aaf3a53f7e22769a7798f31e42769683 '   itemscope=\"itemscope\" itemtype=\"https:\/\/schema.org\/CreativeWork\" ><div class='avia_textblock'  itemprop=\"text\" ><p style=\"text-align: justify;\">Das Zahnarztzentrum<strong> Mir\u00f2 Bozen<\/strong> wurde im April 2008 mit dem Ziel gegr\u00fcndet, eine gesamte Palette der zahnmedizinischen und zahntechnischen Dienstleistungen zur Mundpflege und zur Behandlung aller Erkrankungen im Zahn-, Mund- und Kieferbereich zu bieten. Nach dem in Bozen erzielten Erfolg nach knapp einem Jahr T\u00e4tigkeit hat das Mir\u00f2 Medical Dental Center im September 2009 ein zweites Zentrum in <strong>Trient<\/strong> er\u00f6ffnet.<\/p>\n<p style=\"text-align: justify;\">Es handelt sich um zwei <strong>Strukturen mit Ambulatorien f\u00fcr Zahnheilkunde und Diagnostik<\/strong>, welche fach\u00e4rztliche Betreuung rund um den Zahn anbieten. In den Zentren von Bozen und Trient arbeitet ein <strong>hochqualifiziertes und auf den neuesten Stand der Medizin fortgebildetes \u00c4rzteteam und medizinisches Hilfspersonal<\/strong>, deren Organisation auf bestm\u00f6gliche therapeutische Ergebnisse zu transparenten, erschwinglichen und sicheren Kosten abzielt. Den beiden Strukturen liegt ein in den Gro\u00dfst\u00e4dten Italiens und auch im Ausland bereits vielfach bew\u00e4hrtes Unternehmensmodell zugrunde, das die Errichtung von Strukturen vorsieht, die verschiedene fachspezifische Dienstleistungen anbieten und gleichzeitig die hohen Kosten f\u00fcr Anlagen und Verwaltung einschr\u00e4nken. Unsere <strong>g\u00fcnstigen Preise<\/strong> sind nicht auf eine geringe Qualit\u00e4t zur\u00fcckzuf\u00fchren, sie beruhen vielmehr auf einige gr\u00f6\u00dfenbedingte Vorteile, auf die Optimierung der Ressourcen.<\/p>\n<p style=\"text-align: justify;\">Die Zahnarztzentren sind ein<strong> Bezugspunkt<\/strong> f\u00fcr die gesamte Region Trentino S\u00fcdtirol, sei es aufgrund der \u00fcberaus konkurrenzf\u00e4higen Preise und dem einfachen Zugang zu den Leistungen, sei es auch aufgrund ihrer kundenorientierten und schnellen Organisation, die es erm\u00f6glicht, Zeiten sowie menschliche und finanzielle Ressourcen zu optimieren. Dies alles bewirkt <strong>einen reellen und konkreten Vorteil f\u00fcr den Patienten<\/strong>.<\/p>\n<p style=\"text-align: justify;\">Die <strong>durchgehenden \u00d6ffnungszeiten<\/strong> von Montag bis Freitag gew\u00e4hrleisten einen einfachen Zugang zu den Leistungen auch in dringenden F\u00e4llen und kommen den Erfordernissen all jener Patienten entgegen, die w\u00e4hrend der normalen Arbeitszeit nicht vom Arbeitsplatz fern bleiben k\u00f6nnen.<\/p>\n<p style=\"text-align: justify;\">Die Verteilung der Innenr\u00e4ume ist bis ins letzte Detail durchdacht und ber\u00fccksichtigt alle Erfordernisse einer modernen Zahnarztpraxis. F\u00fcr die fachspezifischen Dienstleistungen verf\u00fcgt das Zentrum \u00fcber 11 S\u00e4le, davon einer als Operationssaal, zwei als Arztambulatorien und einer als internes zahntechnisches Ambulatorium.<\/p>\n<\/div><\/section>\n<div  class='hr av-av_hr-d3021aff4e2c88ff75459fd6b3a45a12 hr-default  avia-builder-el-3  el_after_av_textblock  el_before_av_iconlist '><span class='hr-inner '><span class=\"hr-inner-style\"><\/span><\/span><\/div>\n<div  class='avia-icon-list-container av-av_iconlist-e4a0ebdf966f1bea8883e87bb95dffd6  avia-builder-el-4  el_after_av_hr  avia-builder-el-last '><ul class='avia-icon-list avia_animate_when_almost_visible avia-icon-list-left av-iconlist-big av-av_iconlist-e4a0ebdf966f1bea8883e87bb95dffd6 avia-iconlist-animate'>\n<li><div class='iconlist_icon av-av_iconlist_item-f818af6843c1602dacecb95c46a3ab3a avia-font-entypo-fontello avia-iconfont avia-font-entypo-fontello'><span class='av-icon-char' data-av_icon='\ue821' data-av_iconfont='entypo-fontello' aria-hidden=\"true\"><\/span><\/div><article class=\"article-icon-entry \"  itemscope=\"itemscope\" itemtype=\"https:\/\/schema.org\/CreativeWork\" ><div class=\"iconlist_content_wrap\"><header class=\"entry-content-header\" aria-label=\"Icon: MiR\u00d2 S.r.l.\"><h4 class='av_iconlist_title iconlist_title  '  itemprop=\"headline\" >MiR\u00d2 S.r.l.<\/h4><\/header><div class='iconlist_content '  itemprop=\"text\" ><p><span class=\"copy\">Via Innsbruck 29<br \/>\n39100 Bolzano<br \/>\nT. +39 0471 979561<br \/>\nF. +39 0471 303311<br \/>\n<a class=\"menu3\" href=\"mailto:info@miro.bz\" target=\"_blank\">info@miro.bz<br \/>\nwww.miro.bz<\/a><\/span><\/p>\n<\/div><\/div><footer class=\"entry-footer\"><\/footer><\/article><div class=\"iconlist-timeline\"><\/div><\/li>\n<li><a href='https:\/\/www.facebook.com\/pages\/Mir%C3%B2\/664266230251666' title='Facebook'  target=\"_blank\"  rel=\"noopener noreferrer\" class='iconlist_icon av-av_iconlist_item-536b66e35148e629c75c3d5ee9f88c2b avia-font-entypo-fontello avia-iconfont avia-font-entypo-fontello'><span class='av-icon-char' data-av_icon='\ue8f5' data-av_iconfont='entypo-fontello' aria-hidden=\"true\"><\/span><\/a><article class=\"article-icon-entry av-iconlist-empty\"  itemscope=\"itemscope\" itemtype=\"https:\/\/schema.org\/CreativeWork\" ><div class=\"iconlist_content_wrap\"><header class=\"entry-content-header\" aria-label=\"Icon: &lt;a href=&#039;https:\/\/www.facebook.com\/pages\/Mir%C3%B2\/664266230251666&#039; title=&#039;Facebook&#039; target=&quot;_blank&quot;  rel=&quot;noopener noreferrer&quot;&gt;Facebook&lt;\/a&gt;\"><h4 class='av_iconlist_title iconlist_title  '  itemprop=\"headline\" ><a href='https:\/\/www.facebook.com\/pages\/Mir%C3%B2\/664266230251666' title='Facebook' target=\"_blank\"  rel=\"noopener noreferrer\">Facebook<\/a><\/h4><\/header><div class='iconlist_content '  itemprop=\"text\" ><\/div><\/div><footer class=\"entry-footer\"><\/footer><\/article><div class=\"iconlist-timeline\"><\/div><\/li>\n<\/ul><\/div>\n","protected":false},"excerpt":{"rendered":"","protected":false},"author":5,"featured_media":0,"parent":0,"menu_order":0,"comment_status":"closed","ping_status":"closed","template":"","meta":{"footnotes":""},"class_list":["post-3358","page","type-page","status-publish","hentry"],"_links":{"self":[{"href":"https:\/\/www.incitygolf.com\/de\/wp-json\/wp\/v2\/pages\/3358","targetHints":{"allow":["GET"]}}],"collection":[{"href":"https:\/\/www.incitygolf.com\/de\/wp-json\/wp\/v2\/pages"}],"about":[{"href":"https:\/\/www.incitygolf.com\/de\/wp-json\/wp\/v2\/types\/page"}],"author":[{"embeddable":true,"href":"https:\/\/www.incitygolf.com\/de\/wp-json\/wp\/v2\/users\/5"}],"replies":[{"embeddable":true,"href":"https:\/\/www.incitygolf.com\/de\/wp-json\/wp\/v2\/comments?post=3358"}],"version-history":[{"count":4,"href":"https:\/\/www.incitygolf.com\/de\/wp-json\/wp\/v2\/pages\/3358\/revisions"}],"predecessor-version":[{"id":3386,"href":"https:\/\/www.incitygolf.com\/de\/wp-json\/wp\/v2\/pages\/3358\/revisions\/3386"}],"wp:attachment":[{"href":"https:\/\/www.incitygolf.com\/de\/wp-json\/wp\/v2\/media?parent=3358"}],"curies":[{"name":"wp","href":"https:\/\/api.w.org\/{rel}","templated":true}]}}