{"id":3502,"date":"2016-06-08T15:20:10","date_gmt":"2016-06-08T13:20:10","guid":{"rendered":"https:\/\/www.incitygolf.com\/?page_id=3502"},"modified":"2016-06-08T15:31:29","modified_gmt":"2016-06-08T13:31:29","slug":"golf-club-cavaglia-3","status":"publish","type":"page","link":"https:\/\/www.incitygolf.com\/de\/golf-club-cavaglia-3\/","title":{"rendered":"Golf Club Cavagli\u00e0"},"content":{"rendered":"\n<style type=\"text\/css\" data-created_by=\"avia_inline_auto\" id=\"style-css-av-av_heading-623c08a3f40b38a92a77824d51b816fa\">\n#top .av-special-heading.av-av_heading-623c08a3f40b38a92a77824d51b816fa{\npadding-bottom:10px;\n}\nbody .av-special-heading.av-av_heading-623c08a3f40b38a92a77824d51b816fa .av-special-heading-tag .heading-char{\nfont-size:25px;\n}\n.av-special-heading.av-av_heading-623c08a3f40b38a92a77824d51b816fa .av-subheading{\nfont-size:15px;\n}\n<\/style>\n<div  class='av-special-heading av-av_heading-623c08a3f40b38a92a77824d51b816fa av-special-heading-h2  avia-builder-el-0  el_before_av_slideshow  avia-builder-el-first '><h2 class='av-special-heading-tag '  itemprop=\"headline\"  >GOLF CLUB CAVAGLIA\u2019<\/h2><div class=\"special-heading-border\"><div class=\"special-heading-inner-border\"><\/div><\/div><\/div>\n<div  class='avia-slideshow av-av_slideshow-81a8a14a25624a7d9a2a1663e384be81 avia-slideshow-gallery av_slideshow avia-slide-slider  avia-builder-el-1  el_after_av_heading  el_before_av_textblock  av-slideshow-ui av-control-default av-slideshow-manual av-loop-once av-loop-manual-endless av-default-height-applied avia-slideshow-1' data-slideshow-options=\"{&quot;animation&quot;:&quot;slide&quot;,&quot;autoplay&quot;:false,&quot;loop_autoplay&quot;:&quot;once&quot;,&quot;interval&quot;:5,&quot;loop_manual&quot;:&quot;manual-endless&quot;,&quot;autoplay_stopper&quot;:false,&quot;noNavigation&quot;:false,&quot;bg_slider&quot;:false,&quot;keep_padding&quot;:false,&quot;hoverpause&quot;:false,&quot;show_slide_delay&quot;:0}\"  itemprop=\"image\" itemscope=\"itemscope\" itemtype=\"https:\/\/schema.org\/ImageObject\" ><ul class='avia-slideshow-inner ' style='padding-bottom: 80.985915492958%;'><li  class='avia-slideshow-slide av-av_slideshow-81a8a14a25624a7d9a2a1663e384be81__0  slide-1 slide-odd'><div data-rel='slideshow-1' class='avia-slide-wrap '   ><img decoding=\"async\" fetchpriority=\"high\" class=\"wp-image-9786 avia-img-lazy-loading-not-9786\"  src=\"https:\/\/www.incitygolf.com\/wp-content\/uploads\/2016\/06\/incitygolf-partner-golf-club-cavaglia-01-710x575.jpg\" width=\"710\" height=\"575\" title='incitygolf-partner-golf-club-cavaglia-01' alt=''  itemprop=\"thumbnailUrl\" srcset=\"https:\/\/www.incitygolf.com\/wp-content\/uploads\/2016\/06\/incitygolf-partner-golf-club-cavaglia-01.jpg 710w, https:\/\/www.incitygolf.com\/wp-content\/uploads\/2016\/06\/incitygolf-partner-golf-club-cavaglia-01-300x242.jpg 300w, https:\/\/www.incitygolf.com\/wp-content\/uploads\/2016\/06\/incitygolf-partner-golf-club-cavaglia-01-495x400.jpg 495w, https:\/\/www.incitygolf.com\/wp-content\/uploads\/2016\/06\/incitygolf-partner-golf-club-cavaglia-01-705x570.jpg 705w, https:\/\/www.incitygolf.com\/wp-content\/uploads\/2016\/06\/incitygolf-partner-golf-club-cavaglia-01-450x364.jpg 450w\" sizes=\"(max-width: 710px) 100vw, 710px\" \/><\/div><\/li><li  class='avia-slideshow-slide av-av_slideshow-81a8a14a25624a7d9a2a1663e384be81__1  slide-2 slide-even'><div data-rel='slideshow-1' class='avia-slide-wrap '   ><img decoding=\"async\" fetchpriority=\"high\" class=\"wp-image-9790 avia-img-lazy-loading-not-9790\"  src=\"https:\/\/www.incitygolf.com\/wp-content\/uploads\/2016\/06\/incitygolf-partner-golf-club-cavaglia-02-710x575.jpg\" width=\"710\" height=\"575\" title='incitygolf-partner-golf-club-cavaglia-02' alt=''  itemprop=\"thumbnailUrl\" srcset=\"https:\/\/www.incitygolf.com\/wp-content\/uploads\/2016\/06\/incitygolf-partner-golf-club-cavaglia-02.jpg 710w, https:\/\/www.incitygolf.com\/wp-content\/uploads\/2016\/06\/incitygolf-partner-golf-club-cavaglia-02-300x242.jpg 300w, https:\/\/www.incitygolf.com\/wp-content\/uploads\/2016\/06\/incitygolf-partner-golf-club-cavaglia-02-495x400.jpg 495w, https:\/\/www.incitygolf.com\/wp-content\/uploads\/2016\/06\/incitygolf-partner-golf-club-cavaglia-02-705x570.jpg 705w, https:\/\/www.incitygolf.com\/wp-content\/uploads\/2016\/06\/incitygolf-partner-golf-club-cavaglia-02-450x364.jpg 450w\" sizes=\"(max-width: 710px) 100vw, 710px\" \/><\/div><\/li><li  class='avia-slideshow-slide av-av_slideshow-81a8a14a25624a7d9a2a1663e384be81__2  slide-3 slide-odd'><div data-rel='slideshow-1' class='avia-slide-wrap '   ><img decoding=\"async\" fetchpriority=\"high\" class=\"wp-image-9788 avia-img-lazy-loading-not-9788\"  src=\"https:\/\/www.incitygolf.com\/wp-content\/uploads\/2016\/06\/incitygolf-partner-golf-club-cavaglia-04-710x575.jpg\" width=\"710\" height=\"575\" title='incitygolf-partner-golf-club-cavaglia-04' alt=''  itemprop=\"thumbnailUrl\" srcset=\"https:\/\/www.incitygolf.com\/wp-content\/uploads\/2016\/06\/incitygolf-partner-golf-club-cavaglia-04.jpg 710w, https:\/\/www.incitygolf.com\/wp-content\/uploads\/2016\/06\/incitygolf-partner-golf-club-cavaglia-04-300x242.jpg 300w, https:\/\/www.incitygolf.com\/wp-content\/uploads\/2016\/06\/incitygolf-partner-golf-club-cavaglia-04-495x400.jpg 495w, https:\/\/www.incitygolf.com\/wp-content\/uploads\/2016\/06\/incitygolf-partner-golf-club-cavaglia-04-705x570.jpg 705w, https:\/\/www.incitygolf.com\/wp-content\/uploads\/2016\/06\/incitygolf-partner-golf-club-cavaglia-04-450x364.jpg 450w\" sizes=\"(max-width: 710px) 100vw, 710px\" \/><\/div><\/li><li  class='avia-slideshow-slide av-av_slideshow-81a8a14a25624a7d9a2a1663e384be81__3  slide-4 slide-even'><div data-rel='slideshow-1' class='avia-slide-wrap '   ><img decoding=\"async\" fetchpriority=\"high\" class=\"wp-image-9792 avia-img-lazy-loading-not-9792\"  src=\"https:\/\/www.incitygolf.com\/wp-content\/uploads\/2016\/06\/incitygolf-partner-golf-club-cavaglia-05-710x575.jpg\" width=\"710\" height=\"575\" title='incitygolf-partner-golf-club-cavaglia-05' alt=''  itemprop=\"thumbnailUrl\" srcset=\"https:\/\/www.incitygolf.com\/wp-content\/uploads\/2016\/06\/incitygolf-partner-golf-club-cavaglia-05.jpg 710w, https:\/\/www.incitygolf.com\/wp-content\/uploads\/2016\/06\/incitygolf-partner-golf-club-cavaglia-05-300x242.jpg 300w, https:\/\/www.incitygolf.com\/wp-content\/uploads\/2016\/06\/incitygolf-partner-golf-club-cavaglia-05-495x400.jpg 495w, https:\/\/www.incitygolf.com\/wp-content\/uploads\/2016\/06\/incitygolf-partner-golf-club-cavaglia-05-705x570.jpg 705w, https:\/\/www.incitygolf.com\/wp-content\/uploads\/2016\/06\/incitygolf-partner-golf-club-cavaglia-05-450x364.jpg 450w\" sizes=\"(max-width: 710px) 100vw, 710px\" \/><\/div><\/li><\/ul><div class='avia-slideshow-arrows avia-slideshow-controls' ><a href='#prev' class='prev-slide  avia-svg-icon avia-font-svg_entypo-fontello' data-av_svg_icon='left-open-big' data-av_iconset='svg_entypo-fontello' tabindex='-1' title=\"Zur\u00fcck\"><svg version=\"1.1\" xmlns=\"http:\/\/www.w3.org\/2000\/svg\" width=\"15\" height=\"32\" viewBox=\"0 0 15 32\" preserveAspectRatio=\"xMidYMid meet\" aria-labelledby='av-svg-title-1' aria-describedby='av-svg-desc-1' role=\"graphics-symbol\" aria-hidden=\"true\">\n<title id='av-svg-title-1'>Zur\u00fcck<\/title>\n<desc id='av-svg-desc-1'>Zur\u00fcck<\/desc>\n<path d=\"M14.464 27.84q0.832 0.832 0 1.536-0.832 0.832-1.536 0l-12.544-12.608q-0.768-0.768 0-1.6l12.544-12.608q0.704-0.832 1.536 0 0.832 0.704 0 1.536l-11.456 11.904z\"><\/path>\n<\/svg><span class='avia_hidden_link_text'>Zur\u00fcck<\/span><\/a><a href='#next' class='next-slide  avia-svg-icon avia-font-svg_entypo-fontello' data-av_svg_icon='right-open-big' data-av_iconset='svg_entypo-fontello' tabindex='-1' title=\"Weiter\"><svg version=\"1.1\" xmlns=\"http:\/\/www.w3.org\/2000\/svg\" width=\"15\" height=\"32\" viewBox=\"0 0 15 32\" preserveAspectRatio=\"xMidYMid meet\" aria-labelledby='av-svg-title-2' aria-describedby='av-svg-desc-2' role=\"graphics-symbol\" aria-hidden=\"true\">\n<title id='av-svg-title-2'>Weiter<\/title>\n<desc id='av-svg-desc-2'>Weiter<\/desc>\n<path d=\"M0.416 27.84l11.456-11.84-11.456-11.904q-0.832-0.832 0-1.536 0.832-0.832 1.536 0l12.544 12.608q0.768 0.832 0 1.6l-12.544 12.608q-0.704 0.832-1.536 0-0.832-0.704 0-1.536z\"><\/path>\n<\/svg><span class='avia_hidden_link_text'>Weiter<\/span><\/a><\/div><div class='avia-slideshow-dots avia-slideshow-controls'><a href='#1' class='goto-slide active' >1<\/a><a href='#2' class='goto-slide ' >2<\/a><a href='#3' class='goto-slide ' >3<\/a><a href='#4' class='goto-slide ' >4<\/a><\/div><\/div>\n<section  class='av_textblock_section av-av_textblock-aaf3a53f7e22769a7798f31e42769683 '   itemscope=\"itemscope\" itemtype=\"https:\/\/schema.org\/CreativeWork\" ><div class='avia_textblock'  itemprop=\"text\" ><p style=\"text-align: justify;\"><strong>Das UNA Cavagli\u00e0 Golf Hotel ist ein idyllisches Resort und Golfclub in einer strategisch g\u00fcnstigen Lage, leicht erreichbar von der Autobahn Mailand-Turin und Genua-Aosta.<\/strong><\/p>\n<p style=\"text-align: justify;\">Das 4-Sterne-Hotel pr\u00e4sentiert sich als der ideale Bezugspunkt f\u00fcr Gesch\u00e4fts- und Urlaubs Kundschaft, verf\u00fcgt \u00fcber 37 ger\u00e4umige Zimmer, die jede Art von Komfort bieten. Der Golfplatz umfasst mit <strong>18 L\u00f6chern<\/strong>, einer Driving Range, und dem einzigen MIZUNO Fitting Center Italiens, ein reichhaltiges Angebot. Fitnessraum und einen Au\u00dfenpool runden das Angebot ab.<\/p>\n<p style=\"text-align: justify;\">An der Rezeption k\u00f6nnen Sie die komplette Golfausr\u00fcstung ausleihen oder Einzel- oder Gruppenunterricht mit den Lehrern der Golfschule Cavagli\u00e0 buchen. Das Clubhaus mit Blick auf den Golfplatz, ist die Heimat des <strong>RossoCuoco Steak House<\/strong>, in welchem Fleischspezialit\u00e4ten im US-Stil vom Grill angeboten werden.<\/p>\n<p style=\"text-align: justify;\">Das UNA Cavagli\u00e0 Golf Hotel verf\u00fcgt \u00fcber <strong>7 Tagungsr\u00e4ume<\/strong>, von welchen 3 \u00fcber einen Blick auf den Golfplatz verf\u00fcgen, und bis zu 150 Personen aufnehmen k\u00f6nnen. Zudem verf\u00fcgt das UNA Cavagli\u00e0 Golf Hotel auch \u00fcber eine Dachterrasse mit Blick auf den Golfplatz, welche sich besten Feiern und Bankette mit bis zu 250 G\u00e4sten eignet.<\/p>\n<p style=\"text-align: justify;\">Der Golf Club Cavagli\u00e0 ist ein idealer Ausgangspunkt f\u00fcr die Erkundung der Region Piemont und der sch\u00f6nsten Golfpl\u00e4tze der Region.<\/p>\n<\/div><\/section>\n<div  class='flex_column av-av_one_half-2a9015ff38129c418a3f2eafba3e9512 av_one_half  avia-builder-el-3  el_after_av_textblock  el_before_av_one_half  first flex_column_div  column-top-margin'     ><style type=\"text\/css\" data-created_by=\"avia_inline_auto\" id=\"style-css-av-av_image-2568c91b81601708716e76eef01e181c\">\n.avia-image-container.av-av_image-2568c91b81601708716e76eef01e181c img.avia_image{\nbox-shadow:none;\n}\n.avia-image-container.av-av_image-2568c91b81601708716e76eef01e181c .av-image-caption-overlay-center{\ncolor:#ffffff;\n}\n<\/style>\n<div  class='avia-image-container av-av_image-2568c91b81601708716e76eef01e181c av-styling- avia-align-left  avia-builder-el-4  avia-builder-el-no-sibling '   itemprop=\"image\" itemscope=\"itemscope\" itemtype=\"https:\/\/schema.org\/ImageObject\" ><div class=\"avia-image-container-inner\"><div class=\"avia-image-overlay-wrap\"><img decoding=\"async\" fetchpriority=\"high\" class='wp-image-9782 avia-img-lazy-loading-not-9782 avia_image ' src=\"https:\/\/www.incitygolf.com\/wp-content\/uploads\/2016\/06\/partenr_incitygolf_golf_club_cavaglia_logo.jpg\" alt='' title='partenr_incitygolf_golf_club_cavaglia_logo'  height=\"300\" width=\"300\"  itemprop=\"thumbnailUrl\" srcset=\"https:\/\/www.incitygolf.com\/wp-content\/uploads\/2016\/06\/partenr_incitygolf_golf_club_cavaglia_logo.jpg 300w, https:\/\/www.incitygolf.com\/wp-content\/uploads\/2016\/06\/partenr_incitygolf_golf_club_cavaglia_logo-80x80.jpg 80w, https:\/\/www.incitygolf.com\/wp-content\/uploads\/2016\/06\/partenr_incitygolf_golf_club_cavaglia_logo-36x36.jpg 36w, https:\/\/www.incitygolf.com\/wp-content\/uploads\/2016\/06\/partenr_incitygolf_golf_club_cavaglia_logo-180x180.jpg 180w, https:\/\/www.incitygolf.com\/wp-content\/uploads\/2016\/06\/partenr_incitygolf_golf_club_cavaglia_logo-120x120.jpg 120w\" sizes=\"(max-width: 300px) 100vw, 300px\" \/><\/div><\/div><\/div><\/div>\n<div  class='flex_column av-av_one_half-1c47c10d9dd6b9bc0b68f292c1cf5942 av_one_half  avia-builder-el-5  el_after_av_one_half  avia-builder-el-last  flex_column_div  column-top-margin'     ><div  class='avia-icon-list-container av-av_iconlist-e4a0ebdf966f1bea8883e87bb95dffd6  avia-builder-el-6  avia-builder-el-no-sibling '><ul class='avia-icon-list avia_animate_when_almost_visible avia-icon-list-left av-iconlist-big av-av_iconlist-e4a0ebdf966f1bea8883e87bb95dffd6 avia-iconlist-animate'>\n<li><div class='iconlist_icon av-av_iconlist_item-1b42c96cf655a9eb2e6b5ad9ead19564 avia-font-entypo-fontello avia-iconfont avia-font-entypo-fontello'><span class='av-icon-char' data-av_icon='\ue821' data-av_iconfont='entypo-fontello' aria-hidden=\"true\"><\/span><\/div><article class=\"article-icon-entry \"  itemscope=\"itemscope\" itemtype=\"https:\/\/schema.org\/CreativeWork\" ><div class=\"iconlist_content_wrap\"><header class=\"entry-content-header\" aria-label=\"Icon: Golf Club Cavagli\u00e0\"><h4 class='av_iconlist_title iconlist_title  '  itemprop=\"headline\" >Golf Club Cavagli\u00e0<\/h4><\/header><div class='iconlist_content '  itemprop=\"text\" ><p>13881 Cavagli\u00e0 (BI)<br \/>\nT +39 0161 966771<br \/>\nF +39 0161 966620<br \/>\nsegreteria@golfclubcavaglia.it<br \/>\nwww.golfclubcavaglia.it<\/p>\n<\/div><\/div><footer class=\"entry-footer\"><\/footer><\/article><div class=\"iconlist-timeline\"><\/div><\/li>\n<li><div class='iconlist_icon av-av_iconlist_item-cad5d768f62a52dea37ef60d411af675 avia-font-entypo-fontello avia-iconfont avia-font-entypo-fontello'><span class='av-icon-char' data-av_icon='\ue8f5' data-av_iconfont='entypo-fontello' aria-hidden=\"true\"><\/span><\/div><article class=\"article-icon-entry \"  itemscope=\"itemscope\" itemtype=\"https:\/\/schema.org\/CreativeWork\" ><div class=\"iconlist_content_wrap\"><header class=\"entry-content-header\" aria-label=\"Icon: &lt;a href=&#039;https:\/\/www.facebook.com\/golfclubcavaglia&#039; title=&#039;Facebook&#039; target=&quot;_blank&quot;  rel=&quot;noopener noreferrer&quot;&gt;Facebook&lt;\/a&gt;\"><h4 class='av_iconlist_title iconlist_title  '  itemprop=\"headline\" ><a href='https:\/\/www.facebook.com\/golfclubcavaglia' title='Facebook' target=\"_blank\"  rel=\"noopener noreferrer\">Facebook<\/a><\/h4><\/header><div class='iconlist_content '  itemprop=\"text\" ><p>Follow us on Facebook!<\/p>\n<\/div><\/div><footer class=\"entry-footer\"><\/footer><\/article><div class=\"iconlist-timeline\"><\/div><\/li>\n<\/ul><\/div><\/div>\n","protected":false},"excerpt":{"rendered":"","protected":false},"author":5,"featured_media":0,"parent":0,"menu_order":0,"comment_status":"closed","ping_status":"closed","template":"","meta":{"footnotes":""},"class_list":["post-3502","page","type-page","status-publish","hentry"],"_links":{"self":[{"href":"https:\/\/www.incitygolf.com\/de\/wp-json\/wp\/v2\/pages\/3502","targetHints":{"allow":["GET"]}}],"collection":[{"href":"https:\/\/www.incitygolf.com\/de\/wp-json\/wp\/v2\/pages"}],"about":[{"href":"https:\/\/www.incitygolf.com\/de\/wp-json\/wp\/v2\/types\/page"}],"author":[{"embeddable":true,"href":"https:\/\/www.incitygolf.com\/de\/wp-json\/wp\/v2\/users\/5"}],"replies":[{"embeddable":true,"href":"https:\/\/www.incitygolf.com\/de\/wp-json\/wp\/v2\/comments?post=3502"}],"version-history":[{"count":1,"href":"https:\/\/www.incitygolf.com\/de\/wp-json\/wp\/v2\/pages\/3502\/revisions"}],"predecessor-version":[{"id":3503,"href":"https:\/\/www.incitygolf.com\/de\/wp-json\/wp\/v2\/pages\/3502\/revisions\/3503"}],"wp:attachment":[{"href":"https:\/\/www.incitygolf.com\/de\/wp-json\/wp\/v2\/media?parent=3502"}],"curies":[{"name":"wp","href":"https:\/\/api.w.org\/{rel}","templated":true}]}}