{"id":3561,"date":"2016-07-22T09:08:49","date_gmt":"2016-07-22T07:08:49","guid":{"rendered":"https:\/\/www.incitygolf.com\/?page_id=3561"},"modified":"2016-07-22T09:28:42","modified_gmt":"2016-07-22T07:28:42","slug":"mercedes-benz-2","status":"publish","type":"page","link":"https:\/\/www.incitygolf.com\/de\/mercedes-benz-2\/","title":{"rendered":"Mercedes Benz"},"content":{"rendered":"\n<style type=\"text\/css\" data-created_by=\"avia_inline_auto\" id=\"style-css-av-av_heading-98085132e87d64dafbd40a26e77369c0\">\n#top .av-special-heading.av-av_heading-98085132e87d64dafbd40a26e77369c0{\npadding-bottom:10px;\n}\nbody .av-special-heading.av-av_heading-98085132e87d64dafbd40a26e77369c0 .av-special-heading-tag .heading-char{\nfont-size:25px;\n}\n.av-special-heading.av-av_heading-98085132e87d64dafbd40a26e77369c0 .av-subheading{\nfont-size:15px;\n}\n<\/style>\n<div  class='av-special-heading av-av_heading-98085132e87d64dafbd40a26e77369c0 av-special-heading-h2  avia-builder-el-0  el_before_av_textblock  avia-builder-el-first '><h2 class='av-special-heading-tag '  itemprop=\"headline\"  >MERCEDES-BENZ<\/h2><div class=\"special-heading-border\"><div class=\"special-heading-inner-border\"><\/div><\/div><\/div>\n<section  class='av_textblock_section av-av_textblock-aaf3a53f7e22769a7798f31e42769683 '   itemscope=\"itemscope\" itemtype=\"https:\/\/schema.org\/CreativeWork\" ><div class='avia_textblock'  itemprop=\"text\" ><p style=\"text-align: justify;\">Die Daimler AG ist eines der erfolgreichsten Automobilunternehmen der Welt. Mit den Gesch\u00e4ftsfeldern Mercedes-Benz Cars, Daimler Trucks, Mercedes-Benz Vans, Daimler Buses und Daimler Financial Services geh\u00f6rt der Fahrzeughersteller zu den gr\u00f6\u00dften Anbietern von Premium-Pkw und ist der gr\u00f6\u00dfte weltweit aufgestellte Nutzfahrzeug-Hersteller. Daimler Financial Services bietet Finanzierung, Leasing, Flottenmanagement, Versicherungen, Geldanlagen und Kreditkarten sowie innovative Mobilit\u00e4tsdienstleistungen an.<\/p>\n<p>Die Firmengr\u00fcnder Gottlieb Daimler und Carl Benz haben mit der Erfindung des Automobils im Jahr 1886 Geschichte geschrieben. Als Pionier des Automobilbaus gestaltet Daimler auch heute die Zukunft der Mobilit\u00e4t: Das Unternehmen setzt dabei auf innovative und gr\u00fcne Technologien sowie auf sichere und hochwertige Fahrzeuge, die faszinieren und begeistern. Daimler investiert konsequent in die Entwicklung alternativer Antriebe \u2013 von Hybridfahrzeugen bis zu reinen Elektrofahrzeugen mit Batterie oder Brennstoffzelle \u2013 um langfristig das emissionsfreie Fahren zu erm\u00f6glichen. Dar\u00fcber hinaus treibt das Unternehmen das unfallfreie Fahren und die intelligente Vernetzung bis hin zum autonomen Fahren mit Nachdruck voran. Denn Daimler betrachtet es als Anspruch und Verpflichtung, seiner Verantwortung f\u00fcr Gesellschaft und Umwelt gerecht zu werden.<\/p>\n<p>Daimler vertreibt seine Fahrzeuge und Dienstleistungen in nahezu allen L\u00e4ndern der Welt und hat Produktionsst\u00e4tten in Europa, Nord- und S\u00fcdamerika, Asien und Afrika.<br \/>\nZum Markenportfolio z\u00e4hlen neben Mercedes-Benz, der wertvollsten Premium-Automobilmarke der Welt, sowie Mercedes-AMG, Mercedes-Maybach und Mercedes me, die Marken smart, Freightliner, Western Star, BharatBenz, FUSO, Setra und Thomas Built Buses und die Marken von Daimler Financial Services: Mercedes-Benz Bank, Mercedes-Benz Financial, Daimler Truck Financial, moovel, car2go und mytaxi. Das Unternehmen ist an den B\u00f6rsen Frankfurt und Stuttgart notiert (B\u00f6rsenk\u00fcrzel DAI).<\/p>\n<\/div><\/section>\n<div  class='avia-icon-list-container av-av_iconlist-e4a0ebdf966f1bea8883e87bb95dffd6  avia-builder-el-2  el_after_av_textblock  avia-builder-el-last '><ul class='avia-icon-list avia_animate_when_almost_visible avia-icon-list-left av-iconlist-big av-av_iconlist-e4a0ebdf966f1bea8883e87bb95dffd6 avia-iconlist-animate'>\n<li><a href='http:\/\/www.daimler.com' title='Daimler AG'  target=\"_blank\"  rel=\"noopener noreferrer\" aria-label='Daimler AG' class='iconlist_icon av-av_iconlist_item-b99b932d96aca9640da9bf7445a92667 avia-font-entypo-fontello avia-iconfont avia-font-entypo-fontello'><span class='av-icon-char' data-av_icon='\ue821' data-av_iconfont='entypo-fontello' aria-hidden=\"true\"><\/span><\/a><article class=\"article-icon-entry \"  itemscope=\"itemscope\" itemtype=\"https:\/\/schema.org\/CreativeWork\" ><div class=\"iconlist_content_wrap\"><header class=\"entry-content-header\" aria-label=\"Icon: Daimler AG\"><h4 class='av_iconlist_title iconlist_title  '  itemprop=\"headline\" >Daimler AG<\/h4><\/header><div class='iconlist_content '  itemprop=\"text\" ><p>Corporate Headquarters<br \/>\nMercedesstr. 137<br \/>\n70327 Stuttgart<br \/>\nGermany<\/p>\n<p>www.daimler.com<\/p>\n<\/div><\/div><footer class=\"entry-footer\"><\/footer><\/article><div class=\"iconlist-timeline\"><\/div><\/li>\n<\/ul><\/div>\n","protected":false},"excerpt":{"rendered":"","protected":false},"author":5,"featured_media":0,"parent":0,"menu_order":0,"comment_status":"closed","ping_status":"closed","template":"","meta":{"footnotes":""},"class_list":["post-3561","page","type-page","status-publish","hentry"],"_links":{"self":[{"href":"https:\/\/www.incitygolf.com\/de\/wp-json\/wp\/v2\/pages\/3561","targetHints":{"allow":["GET"]}}],"collection":[{"href":"https:\/\/www.incitygolf.com\/de\/wp-json\/wp\/v2\/pages"}],"about":[{"href":"https:\/\/www.incitygolf.com\/de\/wp-json\/wp\/v2\/types\/page"}],"author":[{"embeddable":true,"href":"https:\/\/www.incitygolf.com\/de\/wp-json\/wp\/v2\/users\/5"}],"replies":[{"embeddable":true,"href":"https:\/\/www.incitygolf.com\/de\/wp-json\/wp\/v2\/comments?post=3561"}],"version-history":[{"count":2,"href":"https:\/\/www.incitygolf.com\/de\/wp-json\/wp\/v2\/pages\/3561\/revisions"}],"predecessor-version":[{"id":3573,"href":"https:\/\/www.incitygolf.com\/de\/wp-json\/wp\/v2\/pages\/3561\/revisions\/3573"}],"wp:attachment":[{"href":"https:\/\/www.incitygolf.com\/de\/wp-json\/wp\/v2\/media?parent=3561"}],"curies":[{"name":"wp","href":"https:\/\/api.w.org\/{rel}","templated":true}]}}