{"id":3569,"date":"2016-07-22T09:23:26","date_gmt":"2016-07-22T07:23:26","guid":{"rendered":"https:\/\/www.incitygolf.com\/?page_id=3569"},"modified":"2016-07-22T09:26:10","modified_gmt":"2016-07-22T07:26:10","slug":"audi-3","status":"publish","type":"page","link":"https:\/\/www.incitygolf.com\/de\/audi-3\/","title":{"rendered":"Audi"},"content":{"rendered":"\n<style type=\"text\/css\" data-created_by=\"avia_inline_auto\" id=\"style-css-av-av_heading-bfd7dba7afb3347ca78c3767ce9f9eba\">\n#top .av-special-heading.av-av_heading-bfd7dba7afb3347ca78c3767ce9f9eba{\npadding-bottom:10px;\n}\nbody .av-special-heading.av-av_heading-bfd7dba7afb3347ca78c3767ce9f9eba .av-special-heading-tag .heading-char{\nfont-size:25px;\n}\n.av-special-heading.av-av_heading-bfd7dba7afb3347ca78c3767ce9f9eba .av-subheading{\nfont-size:15px;\n}\n<\/style>\n<div  class='av-special-heading av-av_heading-bfd7dba7afb3347ca78c3767ce9f9eba av-special-heading-h2  avia-builder-el-0  el_before_av_textblock  avia-builder-el-first '><h2 class='av-special-heading-tag '  itemprop=\"headline\"  >AUDI<\/h2><div class=\"special-heading-border\"><div class=\"special-heading-inner-border\"><\/div><\/div><\/div>\n<section  class='av_textblock_section av-av_textblock-aaf3a53f7e22769a7798f31e42769683 '   itemscope=\"itemscope\" itemtype=\"https:\/\/schema.org\/CreativeWork\" ><div class='avia_textblock'  itemprop=\"text\" ><blockquote>\n<p>Vorsprung durch Technik<\/p>\n<\/blockquote>\n<p style=\"text-align: justify;\">Die bewegte und vielseitige Geschichte der AUDI AG reicht bis ins 19. Jahrhundert zur\u00fcck.<br \/>\nMit den Marken Audi und Lamborghini z\u00e4hlt der Audi-Konzern seit Jahren zu den erfolgreichsten Automobilherstellern im Premium- und Supersportwagensegment. Seit 2012 erg\u00e4nzen Motorr\u00e4der der italienischen Traditionsmarke Ducati das Angebot. Zudem liefert der Audi-Konzern \u00fcber Vertriebsgesellschaften auch weitere Marken des Volkswagen Konzerns an Kunden aus.<\/p>\n<\/div><\/section>\n<div  class='avia-icon-list-container av-av_iconlist-e4a0ebdf966f1bea8883e87bb95dffd6  avia-builder-el-2  el_after_av_textblock  avia-builder-el-last '><ul class='avia-icon-list avia_animate_when_almost_visible avia-icon-list-left av-iconlist-big av-av_iconlist-e4a0ebdf966f1bea8883e87bb95dffd6 avia-iconlist-animate'>\n<li><a href='http:\/\/www.audi.it' title='Audi Italy'  target=\"_blank\"  rel=\"noopener noreferrer\" aria-label='Audi Italy' class='iconlist_icon av-av_iconlist_item-76f93b3595dac2379aa4d60853e4e272 avia-font-entypo-fontello avia-iconfont avia-font-entypo-fontello'><span class='av-icon-char' data-av_icon='\ue821' data-av_iconfont='entypo-fontello' aria-hidden=\"true\"><\/span><\/a><article class=\"article-icon-entry \"  itemscope=\"itemscope\" itemtype=\"https:\/\/schema.org\/CreativeWork\" ><div class=\"iconlist_content_wrap\"><header class=\"entry-content-header\" aria-label=\"Icon: Audi Italy\"><h4 class='av_iconlist_title iconlist_title  '  itemprop=\"headline\" >Audi Italy<\/h4><\/header><div class='iconlist_content '  itemprop=\"text\" ><p>Viale G.R. Gumpert 1,<br \/>\n37137 &#8211; Verona &#8211; tel. +39 045 8091111<\/p>\n<p>T +39 045 8091111<br \/>\nwww.audi.it<\/p>\n<\/div><\/div><footer class=\"entry-footer\"><\/footer><\/article><div class=\"iconlist-timeline\"><\/div><\/li>\n<\/ul><\/div>\n","protected":false},"excerpt":{"rendered":"","protected":false},"author":5,"featured_media":0,"parent":0,"menu_order":0,"comment_status":"closed","ping_status":"closed","template":"","meta":{"footnotes":""},"class_list":["post-3569","page","type-page","status-publish","hentry"],"_links":{"self":[{"href":"https:\/\/www.incitygolf.com\/de\/wp-json\/wp\/v2\/pages\/3569","targetHints":{"allow":["GET"]}}],"collection":[{"href":"https:\/\/www.incitygolf.com\/de\/wp-json\/wp\/v2\/pages"}],"about":[{"href":"https:\/\/www.incitygolf.com\/de\/wp-json\/wp\/v2\/types\/page"}],"author":[{"embeddable":true,"href":"https:\/\/www.incitygolf.com\/de\/wp-json\/wp\/v2\/users\/5"}],"replies":[{"embeddable":true,"href":"https:\/\/www.incitygolf.com\/de\/wp-json\/wp\/v2\/comments?post=3569"}],"version-history":[{"count":1,"href":"https:\/\/www.incitygolf.com\/de\/wp-json\/wp\/v2\/pages\/3569\/revisions"}],"predecessor-version":[{"id":3570,"href":"https:\/\/www.incitygolf.com\/de\/wp-json\/wp\/v2\/pages\/3569\/revisions\/3570"}],"wp:attachment":[{"href":"https:\/\/www.incitygolf.com\/de\/wp-json\/wp\/v2\/media?parent=3569"}],"curies":[{"name":"wp","href":"https:\/\/api.w.org\/{rel}","templated":true}]}}