{"id":4476,"date":"2017-07-10T10:31:05","date_gmt":"2017-07-10T08:31:05","guid":{"rendered":"https:\/\/www.incitygolf.com\/?page_id=4476\/"},"modified":"2017-07-18T09:22:48","modified_gmt":"2017-07-18T07:22:48","slug":"meran","status":"publish","type":"page","link":"https:\/\/www.incitygolf.com\/de\/meran\/","title":{"rendered":"Meran"},"content":{"rendered":"\n<style type=\"text\/css\" data-created_by=\"avia_inline_auto\" id=\"style-css-av-av_heading-b340817b73ec88db5f444c0f2eeb3037\">\n#top .av-special-heading.av-av_heading-b340817b73ec88db5f444c0f2eeb3037{\npadding-bottom:10px;\n}\nbody .av-special-heading.av-av_heading-b340817b73ec88db5f444c0f2eeb3037 .av-special-heading-tag .heading-char{\nfont-size:25px;\n}\n.av-special-heading.av-av_heading-b340817b73ec88db5f444c0f2eeb3037 .av-subheading{\nfont-size:15px;\n}\n<\/style>\n<div  class='av-special-heading av-av_heading-b340817b73ec88db5f444c0f2eeb3037 av-special-heading-h1  avia-builder-el-0  el_before_av_textblock  avia-builder-el-first '><h1 class='av-special-heading-tag '  itemprop=\"headline\"  >In City Golf Meran<\/h1><div class=\"special-heading-border\"><div class=\"special-heading-inner-border\"><\/div><\/div><\/div>\n<section  class='av_textblock_section av-av_textblock-0366cc7376be6c9e82a3e9cc8987b64f '   itemscope=\"itemscope\" itemtype=\"https:\/\/schema.org\/CreativeWork\" ><div class='avia_textblock'  itemprop=\"text\" ><h2>14.+15. Juli 2017<\/h2>\n<\/div><\/section>\n\n<style type=\"text\/css\" data-created_by=\"avia_inline_auto\" id=\"style-css-av-av_image-e6f6b12f4a771acfaa320d70788761b0\">\n.avia-image-container.av-av_image-e6f6b12f4a771acfaa320d70788761b0 img.avia_image{\nbox-shadow:none;\n}\n.avia-image-container.av-av_image-e6f6b12f4a771acfaa320d70788761b0 .av-image-caption-overlay-center{\ncolor:#ffffff;\n}\n<\/style>\n<div  class='avia-image-container av-av_image-e6f6b12f4a771acfaa320d70788761b0 av-styling- avia-align-left  avia-builder-el-2  el_after_av_textblock  el_before_av_hr '   itemprop=\"image\" itemscope=\"itemscope\" itemtype=\"https:\/\/schema.org\/ImageObject\" ><div class=\"avia-image-container-inner\"><div class=\"avia-image-overlay-wrap\"><img decoding=\"async\" fetchpriority=\"high\" class='wp-image-10325 avia-img-lazy-loading-not-10325 avia_image ' src=\"https:\/\/www.incitygolf.com\/wp-content\/uploads\/2017\/07\/38-torneo-di-golf-in-city-golf-merano-2017.jpg\" alt='' title='38-torneo-di-golf-in-city-golf-merano-2017'  height=\"683\" width=\"1024\"  itemprop=\"thumbnailUrl\" srcset=\"https:\/\/www.incitygolf.com\/wp-content\/uploads\/2017\/07\/38-torneo-di-golf-in-city-golf-merano-2017.jpg 1024w, https:\/\/www.incitygolf.com\/wp-content\/uploads\/2017\/07\/38-torneo-di-golf-in-city-golf-merano-2017-300x200.jpg 300w, https:\/\/www.incitygolf.com\/wp-content\/uploads\/2017\/07\/38-torneo-di-golf-in-city-golf-merano-2017-768x512.jpg 768w, https:\/\/www.incitygolf.com\/wp-content\/uploads\/2017\/07\/38-torneo-di-golf-in-city-golf-merano-2017-705x470.jpg 705w, https:\/\/www.incitygolf.com\/wp-content\/uploads\/2017\/07\/38-torneo-di-golf-in-city-golf-merano-2017-450x300.jpg 450w\" sizes=\"(max-width: 1024px) 100vw, 1024px\" \/><\/div><\/div><\/div>\n<div  class='hr av-av_hr-dcd2069817a0e3d34ae04cad8f3443c7 hr-default  avia-builder-el-3  el_after_av_image  el_before_av_textblock '><span class='hr-inner '><span class=\"hr-inner-style\"><\/span><\/span><\/div>\n<section  class='av_textblock_section av-av_textblock-0366cc7376be6c9e82a3e9cc8987b64f '   itemscope=\"itemscope\" itemtype=\"https:\/\/schema.org\/CreativeWork\" ><div class='avia_textblock'  itemprop=\"text\" ><h2>Meran Die Kurstadt<\/h2>\n<blockquote>\n<p>Ein 18-Loch-Parcours fu\u0308hrt 72 Spieler zu den Hotspots der Kurstadt.<\/p>\n<\/blockquote>\n<p>Neben Wien und M\u00fcnchen wird 2017 auch die S\u00fcdtiroler Kurstadt Meran ein In City Golf Event veranstalten, wobei Meran mit seiner alpinmediterranen Kulisse den beiden Gro\u00dfst\u00e4dten in nichts nachstehen wird. Beim Einladungsturnier am 14. und 15. Juli werden sich S\u00fcdtiroler Prominente aus Sport und Unterhaltung an einem urbanen 18-Loch-Parcours messen.<br \/>\nEntlang herrlicher Spazierwege wie der Kurpromenade und dem Tappeinerweg, oder in den G\u00e4rten von Schloss Trauttmansdorff (einer der sch\u00f6nsten Gartenanlagen der Welt), kann diese ebenso ungew\u00f6hnliche wie spektakul\u00e4re Form des Golfsports hautnah erlebt werden.<\/p>\n<h4><\/h4>\n<h4><strong>PROGRAMM:<\/strong><\/h4>\n<p><strong>Freitag 14. Juli<\/strong><\/p>\n<p><strong>19.00 Uhr:<\/strong><br \/>\nWelcome Aperitif in der Therme Meran<br \/>\nPr\u00e4sentation des Turniers<\/p>\n<p><strong>Samstag 15. Juli<\/strong><\/p>\n<p><strong>10.00 Uhr:<\/strong><br \/>\nBrunch in der Rotunde des Meraner Kurhauses<\/p>\n<p><strong>10.30 Uhr:<\/strong><br \/>\nErkl\u00e4rung der Spielregeln &amp; Zuteilung der Flights<\/p>\n<p><strong>11.00 Uhr:<\/strong><br \/>\nTurnierbeginn<\/p>\n<p><strong>ore 17.00:<\/strong><br \/>\nErfrischung in der Rotunde des Meraner Kurhauses<\/p>\n<p><strong>ore 20.00:<br \/>\n<\/strong>Dinner &amp; Preisverleihung im Pavillon des Fleurs \u00b7 Kurhaus Merano <em>(Abendrobe erbeten)<\/em><\/p>\n<\/div><\/section>\n<div  class='avia-button-wrap av-av_button-243d8755c6c138b26f626b1d159080e6-wrap avia-button-left  avia-builder-el-5  el_after_av_textblock  el_before_av_hr '><a href=''  class='avia-button av-av_button-243d8755c6c138b26f626b1d159080e6 av-link-btn avia-icon_select-yes-left-icon avia-size-large avia-position-left avia-color-theme-color'   aria-label=\"GALLERY\"><span class='avia_button_icon avia_button_icon_left avia-iconfont avia-font-entypo-fontello' data-av_icon='\ue80f' data-av_iconfont='entypo-fontello' ><\/span><span class='avia_iconbox_title' >GALLERY<\/span><\/a><\/div>\n<div  class='hr av-av_hr-dcd2069817a0e3d34ae04cad8f3443c7 hr-default  avia-builder-el-6  el_after_av_button  el_before_av_textblock '><span class='hr-inner '><span class=\"hr-inner-style\"><\/span><\/span><\/div>\n<section  class='av_textblock_section av-av_textblock-0366cc7376be6c9e82a3e9cc8987b64f '   itemscope=\"itemscope\" itemtype=\"https:\/\/schema.org\/CreativeWork\" ><div class='avia_textblock'  itemprop=\"text\" ><h3>Ecco come sono dislocate le 18 buche:<\/h3>\n<\/div><\/section>\n\n<style type=\"text\/css\" data-created_by=\"avia_inline_auto\" id=\"style-css-av-av_image-f5581bff73838c6b682858a07d93e652\">\n.avia-image-container.av-av_image-f5581bff73838c6b682858a07d93e652 img.avia_image{\nbox-shadow:none;\n}\n.avia-image-container.av-av_image-f5581bff73838c6b682858a07d93e652 .av-image-caption-overlay-center{\ncolor:#ffffff;\n}\n<\/style>\n<div  class='avia-image-container av-av_image-f5581bff73838c6b682858a07d93e652 av-styling- avia-align-center  avia-builder-el-8  el_after_av_textblock  el_before_av_hr '   itemprop=\"image\" itemscope=\"itemscope\" itemtype=\"https:\/\/schema.org\/ImageObject\" ><div class=\"avia-image-container-inner\"><div class=\"avia-image-overlay-wrap\"><img decoding=\"async\" fetchpriority=\"high\" class='wp-image-10247 avia-img-lazy-loading-not-10247 avia_image ' src=\"https:\/\/www.incitygolf.com\/wp-content\/uploads\/2017\/07\/Holes-In-City-Golf-Meran-2017.jpg\" alt='' title='Holes-In-City-Golf-Meran-2017'  height=\"724\" width=\"1024\"  itemprop=\"thumbnailUrl\" srcset=\"https:\/\/www.incitygolf.com\/wp-content\/uploads\/2017\/07\/Holes-In-City-Golf-Meran-2017.jpg 1024w, https:\/\/www.incitygolf.com\/wp-content\/uploads\/2017\/07\/Holes-In-City-Golf-Meran-2017-300x212.jpg 300w, https:\/\/www.incitygolf.com\/wp-content\/uploads\/2017\/07\/Holes-In-City-Golf-Meran-2017-768x543.jpg 768w, https:\/\/www.incitygolf.com\/wp-content\/uploads\/2017\/07\/Holes-In-City-Golf-Meran-2017-260x185.jpg 260w, https:\/\/www.incitygolf.com\/wp-content\/uploads\/2017\/07\/Holes-In-City-Golf-Meran-2017-705x498.jpg 705w, https:\/\/www.incitygolf.com\/wp-content\/uploads\/2017\/07\/Holes-In-City-Golf-Meran-2017-450x318.jpg 450w\" sizes=\"(max-width: 1024px) 100vw, 1024px\" \/><\/div><\/div><\/div>\n<div  class='hr av-av_hr-dcd2069817a0e3d34ae04cad8f3443c7 hr-default  avia-builder-el-9  el_after_av_image  el_before_av_heading '><span class='hr-inner '><span class=\"hr-inner-style\"><\/span><\/span><\/div>\n\n<style type=\"text\/css\" data-created_by=\"avia_inline_auto\" id=\"style-css-av-av_heading-a62cd1e4d7887c59b2fe041dd2cf5763\">\n#top .av-special-heading.av-av_heading-a62cd1e4d7887c59b2fe041dd2cf5763{\npadding-bottom:10px;\n}\nbody .av-special-heading.av-av_heading-a62cd1e4d7887c59b2fe041dd2cf5763 .av-special-heading-tag .heading-char{\nfont-size:25px;\n}\n.av-special-heading.av-av_heading-a62cd1e4d7887c59b2fe041dd2cf5763 .av-subheading{\nfont-size:15px;\n}\n<\/style>\n<div  class='av-special-heading av-av_heading-a62cd1e4d7887c59b2fe041dd2cf5763 av-special-heading-h1  avia-builder-el-10  el_after_av_hr  el_before_av_textblock '><h1 class='av-special-heading-tag '  itemprop=\"headline\"  >Promo Event In City Golf Meran<\/h1><div class=\"special-heading-border\"><div class=\"special-heading-inner-border\"><\/div><\/div><\/div>\n<section  class='av_textblock_section av-av_textblock-0366cc7376be6c9e82a3e9cc8987b64f '   itemscope=\"itemscope\" itemtype=\"https:\/\/schema.org\/CreativeWork\" ><div class='avia_textblock'  itemprop=\"text\" ><h2>2 Mai 2017<\/h2>\n<p>Un Kick-Off in attesa della tappa estiva di In City Golf a Merano. Oltre ai professionisti Giulia Sergas e Margherita Rigon, ha partecipato nel Nearest-to-the-Pin Contest, anche il miglior amatore dell\u2019Alto Adige: Franz Pf\u00f6stel.<\/p>\n<\/div><\/section>\n<div  class='avia-button-wrap av-av_button-8c1db422be9e21ae7904d2a7c32eedde-wrap avia-button-left  avia-builder-el-12  el_after_av_textblock  el_before_av_hr '><a href=''  class='avia-button av-av_button-8c1db422be9e21ae7904d2a7c32eedde av-link-btn avia-icon_select-yes-left-icon avia-size-large avia-position-left avia-color-theme-color'   aria-label=\"GALLERY\"><span class='avia_button_icon avia_button_icon_left avia-iconfont avia-font-entypo-fontello' data-av_icon='\ue80f' data-av_iconfont='entypo-fontello' ><\/span><span class='avia_iconbox_title' >GALLERY<\/span><\/a><\/div>\n<div  class='hr av-av_hr-dcd2069817a0e3d34ae04cad8f3443c7 hr-default  avia-builder-el-13  el_after_av_button  el_before_av_textblock '><span class='hr-inner '><span class=\"hr-inner-style\"><\/span><\/span><\/div>\n<section  class='av_textblock_section av-av_textblock-0366cc7376be6c9e82a3e9cc8987b64f '   itemscope=\"itemscope\" itemtype=\"https:\/\/schema.org\/CreativeWork\" ><div class='avia_textblock'  itemprop=\"text\" ><p><a href=\"https:\/\/www.incitygolf.com\/wp-content\/uploads\/2017\/07\/infocity-merano.png\"><img loading=\"lazy\" decoding=\"async\" class=\"alignnone size-full wp-image-4527\" src=\"https:\/\/www.incitygolf.com\/wp-content\/uploads\/2017\/07\/infocity-merano.png\" alt=\"\" width=\"98\" height=\"44\" \/><\/a><\/p>\n<p>1317 wurde Meran durch Herzog Heinrich von K\u00e4rnten die Stadtordnung verliehen. Dem Jubil\u00e4um \u201e700 Jahre Stadt Meran\u201c ist 2017 ganzj\u00e4hrig ein vielf\u00e4ltiges Veranstaltungsprogramm gewidmet.<\/p>\n<\/div><\/section>\n\n<style type=\"text\/css\" data-created_by=\"avia_inline_auto\" id=\"style-css-av-av_iconlist-7a0707cc5fa3e4073eae08d0ae44b232\">\n#top .avia-icon-list-container.av-av_iconlist-7a0707cc5fa3e4073eae08d0ae44b232 .iconlist_icon{\ncolor:#baa871;\nbackground-color:#333333;\n}\n#top .avia-icon-list-container.av-av_iconlist-7a0707cc5fa3e4073eae08d0ae44b232 .iconlist_icon svg:first-child{\nstroke:#baa871;\nfill:#baa871;\n}\n<\/style>\n<div  class='avia-icon-list-container av-av_iconlist-7a0707cc5fa3e4073eae08d0ae44b232  avia-builder-el-15  el_after_av_textblock  avia-builder-el-last '><ul class='avia-icon-list avia_animate_when_almost_visible avia-icon-list-left av-iconlist-big av-av_iconlist-7a0707cc5fa3e4073eae08d0ae44b232 avia-iconlist-animate'>\n<li><div class='iconlist_icon av-av_iconlist_item-81e94f254d9e009c34220eb9d7ec12b8 avia-font-icomoon avia-iconfont avia-font-icomoon'><span class='av-icon-char' data-av_icon='\ue900' data-av_iconfont='icomoon' aria-hidden=\"true\"><\/span><\/div><article class=\"article-icon-entry \"  itemscope=\"itemscope\" itemtype=\"https:\/\/schema.org\/CreativeWork\" ><div class=\"iconlist_content_wrap\"><header class=\"entry-content-header\" aria-label=\"Icon: Inhabitants\"><h4 class='av_iconlist_title iconlist_title  '  itemprop=\"headline\" >Inhabitants<\/h4><\/header><div class='iconlist_content '  itemprop=\"text\" ><p>39.462<\/p>\n<\/div><\/div><footer class=\"entry-footer\"><\/footer><\/article><div class=\"iconlist-timeline\"><\/div><\/li>\n<li><div class='iconlist_icon av-av_iconlist_item-b68a4e7f995575262d6c93e11a1e4b3c avia-font-icomoon avia-iconfont avia-font-icomoon'><span class='av-icon-char' data-av_icon='\ue901' data-av_iconfont='icomoon' aria-hidden=\"true\"><\/span><\/div><article class=\"article-icon-entry \"  itemscope=\"itemscope\" itemtype=\"https:\/\/schema.org\/CreativeWork\" ><div class=\"iconlist_content_wrap\"><header class=\"entry-content-header\" aria-label=\"Icon: Surface\"><h4 class='av_iconlist_title iconlist_title  '  itemprop=\"headline\" >Surface<\/h4><\/header><div class='iconlist_content '  itemprop=\"text\" ><p>26,34 Km2<\/p>\n<\/div><\/div><footer class=\"entry-footer\"><\/footer><\/article><div class=\"iconlist-timeline\"><\/div><\/li>\n<li><div class='iconlist_icon av-av_iconlist_item-c94a7b661145942e1d58ef194fe1485e avia-font-icomoon avia-iconfont avia-font-icomoon'><span class='av-icon-char' data-av_icon='\ue902' data-av_iconfont='icomoon' aria-hidden=\"true\"><\/span><\/div><article class=\"article-icon-entry \"  itemscope=\"itemscope\" itemtype=\"https:\/\/schema.org\/CreativeWork\" ><div class=\"iconlist_content_wrap\"><header class=\"entry-content-header\" aria-label=\"Icon: Annual visitors\"><h4 class='av_iconlist_title iconlist_title  '  itemprop=\"headline\" >Annual visitors<\/h4><\/header><div class='iconlist_content '  itemprop=\"text\" ><p>320.032<\/p>\n<\/div><\/div><footer class=\"entry-footer\"><\/footer><\/article><div class=\"iconlist-timeline\"><\/div><\/li>\n<\/ul><\/div>\n","protected":false},"excerpt":{"rendered":"","protected":false},"author":5,"featured_media":0,"parent":0,"menu_order":0,"comment_status":"closed","ping_status":"closed","template":"","meta":{"footnotes":""},"class_list":["post-4476","page","type-page","status-publish","hentry"],"_links":{"self":[{"href":"https:\/\/www.incitygolf.com\/de\/wp-json\/wp\/v2\/pages\/4476","targetHints":{"allow":["GET"]}}],"collection":[{"href":"https:\/\/www.incitygolf.com\/de\/wp-json\/wp\/v2\/pages"}],"about":[{"href":"https:\/\/www.incitygolf.com\/de\/wp-json\/wp\/v2\/types\/page"}],"author":[{"embeddable":true,"href":"https:\/\/www.incitygolf.com\/de\/wp-json\/wp\/v2\/users\/5"}],"replies":[{"embeddable":true,"href":"https:\/\/www.incitygolf.com\/de\/wp-json\/wp\/v2\/comments?post=4476"}],"version-history":[{"count":8,"href":"https:\/\/www.incitygolf.com\/de\/wp-json\/wp\/v2\/pages\/4476\/revisions"}],"predecessor-version":[{"id":4808,"href":"https:\/\/www.incitygolf.com\/de\/wp-json\/wp\/v2\/pages\/4476\/revisions\/4808"}],"wp:attachment":[{"href":"https:\/\/www.incitygolf.com\/de\/wp-json\/wp\/v2\/media?parent=4476"}],"curies":[{"name":"wp","href":"https:\/\/api.w.org\/{rel}","templated":true}]}}